{"id":2662,"date":"2018-02-13T12:59:04","date_gmt":"2018-02-13T09:59:04","guid":{"rendered":"http:\/\/www.turklezzetmuzesi.com?page_id=2662"},"modified":"2024-08-29T18:26:53","modified_gmt":"2024-08-29T15:26:53","slug":"ana-safa","status":"publish","type":"page","link":"http:\/\/turklezzetmuzesi.com\/tr\/","title":{"rendered":"ANA SAYFA"},"content":{"rendered":"<p>[vc_row full_height=&#8221;yes&#8221; parallax=&#8221;content-moving&#8221; parallax_speed_bg=&#8221;&#8221; css=&#8221;.vc_custom_1547555098970{background-image: url(http:\/\/turklezzetmuzesi.com\/tr\/wp-content\/uploads\/2019\/01\/turk-lezzet-muzesi.jpg?id=2802) !important;background-position: center;background-repeat: no-repeat !important;background-size: cover !important;}&#8221;][vc_column]<div class=\"eltd-elements-holder eltd-one-column eltd-responsive-mode-768\" ><div class=\"eltd-eh-item \"  data-item-class=\"eltd-eh-custom-104452\" data-1280-1600=\"8% 0 0\" data-1024-1280=\"10% 0 0\" data-768-1024=\"2% 0 0\" data-600-768=\"0 0\">\n\t<div class=\"eltd-eh-item-inner\">\n\t\t<div class=\"eltd-eh-item-content eltd-eh-custom-104452\" style=\"padding: 11% 0 0 0\">\n\t\t\t[rev_slider_vc alias=&#8221;fullscreen-home&#8221;]\t\t<\/div>\n\t<\/div>\n<\/div><div class=\"eltd-eh-item \"  data-item-class=\"eltd-eh-custom-558337\">\n\t<div class=\"eltd-eh-item-inner\">\n\t\t<div class=\"eltd-eh-item-content eltd-eh-custom-558337\" >\n\t\t\t\t\t<\/div>\n\t<\/div>\n<\/div><\/div>[\/vc_column][\/vc_row][vc_row row_content_width=&#8221;grid&#8221; content_text_aligment=&#8221;center&#8221; css=&#8221;.vc_custom_1613423031125{margin-top: 20px !important;padding-top: 20px !important;padding-bottom: 20px !important;}&#8221;][vc_column]<div class=\"eltd-section-title-holder\" style=\"text-align: center\">\n\t\t\t<h1 class=\"eltd-st-title\" style=\"color: #dd3333\">\n\n            <span class=\"eltd-section-title-inner-wrapper\">\n\n                T\u00fcrkiye&#039;de \u0130lk ve Tek\n            <\/span>\n\n\n\t\t<\/h1>\n\t\n\t\n<\/div>\n<div class=\"eltd-section-title-holder\" style=\"text-align: center\">\n\t\t\t<h1 class=\"eltd-st-title\" style=\"color: #dd3333\">\n\n            <span class=\"eltd-section-title-inner-wrapper\">\n\n                81 ilin binlerce \u00e7e\u015fit yiyecek ve i\u00e7ecekleri burada.\n            <\/span>\n\n\n\t\t<\/h1>\n\t\n\t\n<\/div>\n<div class=\"eltd-section-title-holder\" style=\"text-align: center\">\n\t\n\t\t\t<p class=\"eltd-st-text\" style=\"color: #000000;font-size: 20px;line-height: 28px;font-weight: 500\">\u00dclkemizin en \u00f6zg\u00fcn, kaliteli ve lezzetli \u00fcr\u00fcnlerini tadabilece\u011finiz, sat\u0131n alabilece\u011finiz ve lezzet deneyiminiz hakk\u0131nda bilgi sahibi olabilece\u011finiz her \u015feyi modern ve hijyenik ortamda tek bir \u00e7at\u0131 alt\u0131nda toplamak istedik.<\/p>\n\t\n<\/div>\n[vc_empty_space height=&#8221;67px&#8221;]\n<div class=\"eltd-processes-holder clearfix eltd-five-columns eltd-process-dark-skin\">\n\t\n<div class=\"eltd-process\" >\n\n    <div class=\"eltd-process-wrapper\" >\n\n                    <a class=\"eltd-process-link\" href=\"#\" target=\"_blank\"><\/a>\n\n        \n        <div class=\"eltd-process-content-wrapper\" >\n\n            <div class=\"eltd-process-content-holder\" >\n\n                <div class=\"eltd-process-content-holder-inner\">\n\n                                                <img width=\"110\" height=\"95\" src=\"http:\/\/turklezzetmuzesi.com\/tr\/wp-content\/uploads\/2019\/01\/landing-hover-img-11.png\" class=\"attachment-full size-full\" alt=\"\" decoding=\"async\" loading=\"lazy\" \/>                        \n                    \n                <\/div>\n            <\/div>\n        <\/div>\n\n        <div class=\"eltd-process-text-holder\">\n                        <h3 class=\"eltd-process-title\">\n                Tek katta 6.600 m\u00b2            <\/h3>\n            <p class=\"eltd-process-text\">\n                            <\/p>\n        <\/div>\n    <\/div>\n\n<\/div>\n<div class=\"eltd-process\" >\n\n    <div class=\"eltd-process-wrapper\" >\n\n                    <a class=\"eltd-process-link\" href=\"#\" target=\"_blank\"><\/a>\n\n        \n        <div class=\"eltd-process-content-wrapper\" >\n\n            <div class=\"eltd-process-content-holder\" >\n\n                <div class=\"eltd-process-content-holder-inner\">\n\n                                                <img width=\"110\" height=\"95\" src=\"http:\/\/turklezzetmuzesi.com\/tr\/wp-content\/uploads\/2019\/01\/magaza-1.png\" class=\"attachment-full size-full\" alt=\"\" decoding=\"async\" loading=\"lazy\" \/>                        \n                    \n                <\/div>\n            <\/div>\n        <\/div>\n\n        <div class=\"eltd-process-text-holder\">\n                        <h3 class=\"eltd-process-title\">\n                T\u00fcrkiye&#039;nin farkl\u0131 y\u00f6relerine ait 36 adet lokanta ve d\u00fckkan            <\/h3>\n            <p class=\"eltd-process-text\">\n                            <\/p>\n        <\/div>\n    <\/div>\n\n<\/div>\n<div class=\"eltd-process\" >\n\n    <div class=\"eltd-process-wrapper\" >\n\n                    <a class=\"eltd-process-link\" href=\"#\" target=\"_blank\"><\/a>\n\n        \n        <div class=\"eltd-process-content-wrapper\" >\n\n            <div class=\"eltd-process-content-holder\" >\n\n                <div class=\"eltd-process-content-holder-inner\">\n\n                                                <img width=\"110\" height=\"95\" src=\"http:\/\/turklezzetmuzesi.com\/tr\/wp-content\/uploads\/2019\/01\/oturma-alani-1.png\" class=\"attachment-full size-full\" alt=\"\" decoding=\"async\" loading=\"lazy\" \/>                        \n                    \n                <\/div>\n            <\/div>\n        <\/div>\n\n        <div class=\"eltd-process-text-holder\">\n                        <h3 class=\"eltd-process-title\">\n                1.800 ki\u015filik oturma kapasitesi            <\/h3>\n            <p class=\"eltd-process-text\">\n                            <\/p>\n        <\/div>\n    <\/div>\n\n<\/div>\n<div class=\"eltd-process\" >\n\n    <div class=\"eltd-process-wrapper\" >\n\n                    <a class=\"eltd-process-link\" href=\"#\" target=\"_self\"><\/a>\n\n        \n        <div class=\"eltd-process-content-wrapper\" >\n\n            <div class=\"eltd-process-content-holder\" >\n\n                <div class=\"eltd-process-content-holder-inner\">\n\n                                                <img width=\"110\" height=\"95\" src=\"http:\/\/turklezzetmuzesi.com\/tr\/wp-content\/uploads\/2019\/01\/acik-alan-1.png\" class=\"attachment-full size-full\" alt=\"\" decoding=\"async\" loading=\"lazy\" \/>                        \n                    \n                <\/div>\n            <\/div>\n        <\/div>\n\n        <div class=\"eltd-process-text-holder\">\n                        <h3 class=\"eltd-process-title\">\n                600 ki\u015filik a\u00e7\u0131k oturma alan\u0131            <\/h3>\n            <p class=\"eltd-process-text\">\n                            <\/p>\n        <\/div>\n    <\/div>\n\n<\/div>\n<div class=\"eltd-process\" >\n\n    <div class=\"eltd-process-wrapper\" >\n\n                    <a class=\"eltd-process-link\" href=\"http:\/\/42maslak.com\/tr\/\" target=\"_blank\"><\/a>\n\n        \n        <div class=\"eltd-process-content-wrapper\" >\n\n            <div class=\"eltd-process-content-holder\" >\n\n                <div class=\"eltd-process-content-holder-inner\">\n\n                                                <img width=\"11899\" height=\"12297\" src=\"http:\/\/turklezzetmuzesi.com\/tr\/wp-content\/uploads\/2024\/07\/42_logo_.png\" class=\"attachment-full size-full\" alt=\"\" decoding=\"async\" loading=\"lazy\" srcset=\"http:\/\/turklezzetmuzesi.com\/tr\/wp-content\/uploads\/2024\/07\/42_logo_.png 11899w, http:\/\/turklezzetmuzesi.com\/tr\/wp-content\/uploads\/2024\/07\/42_logo_-290x300.png 290w, http:\/\/turklezzetmuzesi.com\/tr\/wp-content\/uploads\/2024\/07\/42_logo_-991x1024.png 991w, http:\/\/turklezzetmuzesi.com\/tr\/wp-content\/uploads\/2024\/07\/42_logo_-768x794.png 768w, http:\/\/turklezzetmuzesi.com\/tr\/wp-content\/uploads\/2024\/07\/42_logo_-1486x1536.png 1486w, http:\/\/turklezzetmuzesi.com\/tr\/wp-content\/uploads\/2024\/07\/42_logo_-600x620.png 600w\" sizes=\"(max-width: 11899px) 100vw, 11899px\" \/>                        \n                    \n                <\/div>\n            <\/div>\n        <\/div>\n\n        <div class=\"eltd-process-text-holder\">\n                        <h3 class=\"eltd-process-title\">\n                Maslak\u2019\u0131n merkezinde 42\u2019 nin 4. Kat\u0131nday\u0131z            <\/h3>\n            <p class=\"eltd-process-text\">\n                            <\/p>\n        <\/div>\n    <\/div>\n\n<\/div><\/div>[\/vc_column][\/vc_row][vc_row row_content_width=&#8221;grid&#8221; css=&#8221;.vc_custom_1613423175321{padding-top: 20px !important;padding-bottom: 20px !important;}&#8221;][vc_column]<div class=\"eltd-section-title-holder\" style=\"text-align: center\">\n\t\t\t<h1 class=\"eltd-st-title\" style=\"color: #2a2a2a\">\n\n            <span class=\"eltd-section-title-inner-wrapper\">\n\n                Gastro Museum Lezzet Duraklar\u0131\n            <\/span>\n\n\n\t\t<\/h1>\n\t\n\t\t\t<p class=\"eltd-st-text\" style=\"color: #000000;font-size: 20px;line-height: 28px\">T\u00fcrkiye\u2019nin en iyi lezzetleri burada!<\/p>\n\t\n<\/div>\n[vc_empty_space height=&#8221;50px&#8221;][vc_row_inner][vc_column_inner]\n<div class=\"eltd-ls-list-holder clearfix\">\n\n\t<div class=\"eltd-ls-list-items-holder clearfix eltd-ls-list-normal-space eltd-light-skin eltd-ls-list-three-columns\">\n\t\t<div class=\"eltd-ls-list-items-holder-inner eltd-ls-list-inner clearfix\">\n\t\t\t<article class=\"eltd-ls-item\">\n\n\t\n\t\t<div class=\"eltd-ls-item-image\">\n            \n\t\t\t<a href=\"http:\/\/turklezzetmuzesi.com\/tr\/index.php\/ilan\/ali-muhiddin-haci-bekir\/\">\n\t\t\t\t<img width=\"800\" height=\"573\" src=\"http:\/\/turklezzetmuzesi.com\/tr\/wp-content\/uploads\/2018\/02\/lokum.jpg\" class=\"attachment-full size-full wp-post-image\" alt=\"\" \/>\t\t\t<\/a>\n\t\t<\/div>\n\n\t\n\t<div class=\"eltd-ls-item-inner\">\n\n\t\t<div class=\"eltd-ls-item-title\">\n\t\t\t<h3 class=\"eltd-listing-title\">\n\t\t\t\t<a href=\"http:\/\/turklezzetmuzesi.com\/tr\/index.php\/ilan\/ali-muhiddin-haci-bekir\/\">\n\t\t\t\t\tAli Muhiddin Hac\u0131 Bekir\t\t\t\t<\/a>\n\t\t\t<\/h3>\n\t\t<\/div>\n\n        \n\t<\/div>\n\n<\/article><article class=\"eltd-ls-item\">\n\n\t\n\t\t<div class=\"eltd-ls-item-image\">\n            \n\t\t\t<a href=\"http:\/\/turklezzetmuzesi.com\/tr\/index.php\/ilan\/fevkinde-lahmacun-pide\/\">\n\t\t\t\t<img width=\"800\" height=\"550\" src=\"http:\/\/turklezzetmuzesi.com\/tr\/wp-content\/uploads\/2019\/01\/fevkinde1-800x550-1.jpg\" class=\"attachment-full size-full wp-post-image\" alt=\"\" \/>\t\t\t<\/a>\n\t\t<\/div>\n\n\t\n\t<div class=\"eltd-ls-item-inner\">\n\n\t\t<div class=\"eltd-ls-item-title\">\n\t\t\t<h3 class=\"eltd-listing-title\">\n\t\t\t\t<a href=\"http:\/\/turklezzetmuzesi.com\/tr\/index.php\/ilan\/fevkinde-lahmacun-pide\/\">\n\t\t\t\t\tFevkinde Lahmacun ve Pide\t\t\t\t<\/a>\n\t\t\t<\/h3>\n\t\t<\/div>\n\n        \n\t<\/div>\n\n<\/article><article class=\"eltd-ls-item\">\n\n\t\n\t\t<div class=\"eltd-ls-item-image\">\n            \n\t\t\t<a href=\"http:\/\/turklezzetmuzesi.com\/tr\/index.php\/ilan\/gelenek-anadolu-sofrasi-2\/\">\n\t\t\t\t<img width=\"570\" height=\"563\" src=\"http:\/\/turklezzetmuzesi.com\/tr\/wp-content\/uploads\/2024\/09\/geleli-kebabi-scaled-e1725524226273.jpg\" class=\"attachment-full size-full wp-post-image\" alt=\"\" \/>\t\t\t<\/a>\n\t\t<\/div>\n\n\t\n\t<div class=\"eltd-ls-item-inner\">\n\n\t\t<div class=\"eltd-ls-item-title\">\n\t\t\t<h3 class=\"eltd-listing-title\">\n\t\t\t\t<a href=\"http:\/\/turklezzetmuzesi.com\/tr\/index.php\/ilan\/gelenek-anadolu-sofrasi-2\/\">\n\t\t\t\t\tGelenek Anadolu Sofras\u0131\t\t\t\t<\/a>\n\t\t\t<\/h3>\n\t\t<\/div>\n\n        \n\t<\/div>\n\n<\/article><article class=\"eltd-ls-item\">\n\n\t\n\t\t<div class=\"eltd-ls-item-image\">\n            \n\t\t\t<a href=\"http:\/\/turklezzetmuzesi.com\/tr\/index.php\/ilan\/her-daim-pilic\/\">\n\t\t\t\t<img width=\"860\" height=\"573\" src=\"http:\/\/turklezzetmuzesi.com\/tr\/wp-content\/uploads\/2024\/06\/WhatsApp-Image-2024-06-03-at-16.39.57-2-e1719409202892.jpeg\" class=\"attachment-full size-full wp-post-image\" alt=\"\" \/>\t\t\t<\/a>\n\t\t<\/div>\n\n\t\n\t<div class=\"eltd-ls-item-inner\">\n\n\t\t<div class=\"eltd-ls-item-title\">\n\t\t\t<h3 class=\"eltd-listing-title\">\n\t\t\t\t<a href=\"http:\/\/turklezzetmuzesi.com\/tr\/index.php\/ilan\/her-daim-pilic\/\">\n\t\t\t\t\tHer Daim Pili\u00e7\t\t\t\t<\/a>\n\t\t\t<\/h3>\n\t\t<\/div>\n\n        \n\t<\/div>\n\n<\/article><article class=\"eltd-ls-item\">\n\n\t\n\t\t<div class=\"eltd-ls-item-image\">\n            \n\t\t\t<a href=\"http:\/\/turklezzetmuzesi.com\/tr\/index.php\/ilan\/hunkar\/\">\n\t\t\t\t<img width=\"800\" height=\"573\" src=\"http:\/\/turklezzetmuzesi.com\/tr\/wp-content\/uploads\/2018\/02\/hunkar-1.jpg\" class=\"attachment-full size-full wp-post-image\" alt=\"\" \/>\t\t\t<\/a>\n\t\t<\/div>\n\n\t\n\t<div class=\"eltd-ls-item-inner\">\n\n\t\t<div class=\"eltd-ls-item-title\">\n\t\t\t<h3 class=\"eltd-listing-title\">\n\t\t\t\t<a href=\"http:\/\/turklezzetmuzesi.com\/tr\/index.php\/ilan\/hunkar\/\">\n\t\t\t\t\tH\u00fcnkar 1950\t\t\t\t<\/a>\n\t\t\t<\/h3>\n\t\t<\/div>\n\n        \n\t<\/div>\n\n<\/article><article class=\"eltd-ls-item\">\n\n\t\n\t\t<div class=\"eltd-ls-item-image\">\n            \n\t\t\t<a href=\"http:\/\/turklezzetmuzesi.com\/tr\/index.php\/ilan\/lazika\/\">\n\t\t\t\t<img width=\"800\" height=\"573\" src=\"http:\/\/turklezzetmuzesi.com\/tr\/wp-content\/uploads\/2018\/02\/lazika7.jpg\" class=\"attachment-full size-full wp-post-image\" alt=\"\" \/>\t\t\t<\/a>\n\t\t<\/div>\n\n\t\n\t<div class=\"eltd-ls-item-inner\">\n\n\t\t<div class=\"eltd-ls-item-title\">\n\t\t\t<h3 class=\"eltd-listing-title\">\n\t\t\t\t<a href=\"http:\/\/turklezzetmuzesi.com\/tr\/index.php\/ilan\/lazika\/\">\n\t\t\t\t\tLazika \u00c7ay\t\t\t\t<\/a>\n\t\t\t<\/h3>\n\t\t<\/div>\n\n        \n\t<\/div>\n\n<\/article><article class=\"eltd-ls-item\">\n\n\t\n\t\t<div class=\"eltd-ls-item-image\">\n            \n\t\t\t<a href=\"http:\/\/turklezzetmuzesi.com\/tr\/index.php\/ilan\/manti-gurme-2\/\">\n\t\t\t\t<img width=\"559\" height=\"395\" src=\"http:\/\/turklezzetmuzesi.com\/tr\/wp-content\/uploads\/2024\/06\/cabe49a2-488a-416d-9084-54ae5809f0ed-1-e1719488495291.jpg\" class=\"attachment-full size-full wp-post-image\" alt=\"\" \/>\t\t\t<\/a>\n\t\t<\/div>\n\n\t\n\t<div class=\"eltd-ls-item-inner\">\n\n\t\t<div class=\"eltd-ls-item-title\">\n\t\t\t<h3 class=\"eltd-listing-title\">\n\t\t\t\t<a href=\"http:\/\/turklezzetmuzesi.com\/tr\/index.php\/ilan\/manti-gurme-2\/\">\n\t\t\t\t\tMant\u0131 Gurme\t\t\t\t<\/a>\n\t\t\t<\/h3>\n\t\t<\/div>\n\n        \n\t<\/div>\n\n<\/article><article class=\"eltd-ls-item\">\n\n\t\n\t\t<div class=\"eltd-ls-item-image\">\n            \n\t\t\t<a href=\"http:\/\/turklezzetmuzesi.com\/tr\/index.php\/ilan\/misafirliq-2\/\">\n\t\t\t\t<img width=\"861\" height=\"573\" src=\"http:\/\/turklezzetmuzesi.com\/tr\/wp-content\/uploads\/2024\/06\/x-RYK_1087-scaled-e1719406964186.jpg\" class=\"attachment-full size-full wp-post-image\" alt=\"\" \/>\t\t\t<\/a>\n\t\t<\/div>\n\n\t\n\t<div class=\"eltd-ls-item-inner\">\n\n\t\t<div class=\"eltd-ls-item-title\">\n\t\t\t<h3 class=\"eltd-listing-title\">\n\t\t\t\t<a href=\"http:\/\/turklezzetmuzesi.com\/tr\/index.php\/ilan\/misafirliq-2\/\">\n\t\t\t\t\tMisafirliq\t\t\t\t<\/a>\n\t\t\t<\/h3>\n\t\t<\/div>\n\n        \n\t<\/div>\n\n<\/article><article class=\"eltd-ls-item\">\n\n\t\n\t\t<div class=\"eltd-ls-item-image\">\n            \n\t\t\t<a href=\"http:\/\/turklezzetmuzesi.com\/tr\/index.php\/ilan\/sadabad-cag-kebap-2\/\">\n\t\t\t\t<img width=\"800\" height=\"573\" src=\"http:\/\/turklezzetmuzesi.com\/tr\/wp-content\/uploads\/2018\/02\/sadabad.jpg\" class=\"attachment-full size-full wp-post-image\" alt=\"\" \/>\t\t\t<\/a>\n\t\t<\/div>\n\n\t\n\t<div class=\"eltd-ls-item-inner\">\n\n\t\t<div class=\"eltd-ls-item-title\">\n\t\t\t<h3 class=\"eltd-listing-title\">\n\t\t\t\t<a href=\"http:\/\/turklezzetmuzesi.com\/tr\/index.php\/ilan\/sadabad-cag-kebap-2\/\">\n\t\t\t\t\tSadabad Ca\u011f Kebap\t\t\t\t<\/a>\n\t\t\t<\/h3>\n\t\t<\/div>\n\n        \n\t<\/div>\n\n<\/article><article class=\"eltd-ls-item\">\n\n\t\n\t\t<div class=\"eltd-ls-item-image\">\n            \n\t\t\t<a href=\"http:\/\/turklezzetmuzesi.com\/tr\/index.php\/ilan\/tarihi-bolu-lokantasi\/\">\n\t\t\t\t<img width=\"764\" height=\"573\" src=\"http:\/\/turklezzetmuzesi.com\/tr\/wp-content\/uploads\/2024\/06\/WhatsApp-Image-2024-06-04-at-11.56.59-2-e1719408841763.jpeg\" class=\"attachment-full size-full wp-post-image\" alt=\"\" \/>\t\t\t<\/a>\n\t\t<\/div>\n\n\t\n\t<div class=\"eltd-ls-item-inner\">\n\n\t\t<div class=\"eltd-ls-item-title\">\n\t\t\t<h3 class=\"eltd-listing-title\">\n\t\t\t\t<a href=\"http:\/\/turklezzetmuzesi.com\/tr\/index.php\/ilan\/tarihi-bolu-lokantasi\/\">\n\t\t\t\t\tTarihi Bolu Lokantas\u0131\t\t\t\t<\/a>\n\t\t\t<\/h3>\n\t\t<\/div>\n\n        \n\t<\/div>\n\n<\/article><article class=\"eltd-ls-item\">\n\n\t\n\t\t<div class=\"eltd-ls-item-image\">\n            \n\t\t\t<a href=\"http:\/\/turklezzetmuzesi.com\/tr\/index.php\/ilan\/tarihi-ortaklar-copsis\/\">\n\t\t\t\t<img width=\"565\" height=\"376\" src=\"http:\/\/turklezzetmuzesi.com\/tr\/wp-content\/uploads\/2024\/06\/WhatsApp-Image-2024-06-04-at-11.49.51-3-1-e1719488655967.jpeg\" class=\"attachment-full size-full wp-post-image\" alt=\"\" \/>\t\t\t<\/a>\n\t\t<\/div>\n\n\t\n\t<div class=\"eltd-ls-item-inner\">\n\n\t\t<div class=\"eltd-ls-item-title\">\n\t\t\t<h3 class=\"eltd-listing-title\">\n\t\t\t\t<a href=\"http:\/\/turklezzetmuzesi.com\/tr\/index.php\/ilan\/tarihi-ortaklar-copsis\/\">\n\t\t\t\t\tTarihi Ortaklar \u00c7\u00f6p\u015fi\u015f\t\t\t\t<\/a>\n\t\t\t<\/h3>\n\t\t<\/div>\n\n        \n\t<\/div>\n\n<\/article><article class=\"eltd-ls-item\">\n\n\t\n\t\t<div class=\"eltd-ls-item-image\">\n            \n\t\t\t<a href=\"http:\/\/turklezzetmuzesi.com\/tr\/index.php\/ilan\/the-smart-farmers\/\">\n\t\t\t\t<img width=\"1066\" height=\"888\" src=\"http:\/\/turklezzetmuzesi.com\/tr\/wp-content\/uploads\/2024\/06\/1f0ae638de782d028976a86d0a563346271e1a79-2-e1722498427773.jpg\" class=\"attachment-full size-full wp-post-image\" alt=\"\" \/>\t\t\t<\/a>\n\t\t<\/div>\n\n\t\n\t<div class=\"eltd-ls-item-inner\">\n\n\t\t<div class=\"eltd-ls-item-title\">\n\t\t\t<h3 class=\"eltd-listing-title\">\n\t\t\t\t<a href=\"http:\/\/turklezzetmuzesi.com\/tr\/index.php\/ilan\/the-smart-farmers\/\">\n\t\t\t\t\tThe Smart Farmers\t\t\t\t<\/a>\n\t\t\t<\/h3>\n\t\t<\/div>\n\n        \n\t<\/div>\n\n<\/article><article class=\"eltd-ls-item\">\n\n\t\n\t\t<div class=\"eltd-ls-item-image\">\n            \n\t\t\t<a href=\"http:\/\/turklezzetmuzesi.com\/tr\/index.php\/ilan\/varan-lezzet-duragi\/\">\n\t\t\t\t<img width=\"800\" height=\"573\" src=\"http:\/\/turklezzetmuzesi.com\/tr\/wp-content\/uploads\/2018\/02\/varan-lezzet.jpg\" class=\"attachment-full size-full wp-post-image\" alt=\"\" \/>\t\t\t<\/a>\n\t\t<\/div>\n\n\t\n\t<div class=\"eltd-ls-item-inner\">\n\n\t\t<div class=\"eltd-ls-item-title\">\n\t\t\t<h3 class=\"eltd-listing-title\">\n\t\t\t\t<a href=\"http:\/\/turklezzetmuzesi.com\/tr\/index.php\/ilan\/varan-lezzet-duragi\/\">\n\t\t\t\t\tVaran Lezzet Dura\u011f\u0131\t\t\t\t<\/a>\n\t\t\t<\/h3>\n\t\t<\/div>\n\n        \n\t<\/div>\n\n<\/article>\t\t<\/div>\n\t<\/div>\n<\/div>[\/vc_column_inner][\/vc_row_inner][\/vc_column][\/vc_row]<\/p>\n","protected":false},"excerpt":{"rendered":"<p>[vc_row full_height=&#8221;yes&#8221; parallax=&#8221;content-moving&#8221; parallax_speed_bg=&#8221;&#8221; css=&#8221;.vc_custom_1547555098970{background-image: url(http:\/\/turklezzetmuzesi.com\/tr\/wp-content\/uploads\/2019\/01\/turk-lezzet-muzesi.jpg?id=2802) !important;background-position: center;background-repeat: no-repeat !important;background-size: cover !important;}&#8221;][vc_column][\/vc_column][\/vc_row][vc_row row_content_width=&#8221;grid&#8221; content_text_aligment=&#8221;center&#8221; css=&#8221;.vc_custom_1613423031125{margin-top: 20px !important;padding-top: 20px !important;padding-bottom: 20px !important;}&#8221;][vc_column][vc_empty_space height=&#8221;67px&#8221;][\/vc_column][\/vc_row][vc_row row_content_width=&#8221;grid&#8221; css=&#8221;.vc_custom_1613423175321{padding-top: 20px !important;padding-bottom: 20px !important;}&#8221;][vc_column][vc_empty_space height=&#8221;50px&#8221;][vc_row_inner][vc_column_inner][\/vc_column_inner][\/vc_row_inner][\/vc_column][\/vc_row]<\/p>\n","protected":false},"author":1,"featured_media":0,"parent":0,"menu_order":0,"comment_status":"closed","ping_status":"closed","template":"full-width.php","meta":{"footnotes":""},"_links":{"self":[{"href":"http:\/\/turklezzetmuzesi.com\/tr\/index.php\/wp-json\/wp\/v2\/pages\/2662"}],"collection":[{"href":"http:\/\/turklezzetmuzesi.com\/tr\/index.php\/wp-json\/wp\/v2\/pages"}],"about":[{"href":"http:\/\/turklezzetmuzesi.com\/tr\/index.php\/wp-json\/wp\/v2\/types\/page"}],"author":[{"embeddable":true,"href":"http:\/\/turklezzetmuzesi.com\/tr\/index.php\/wp-json\/wp\/v2\/users\/1"}],"replies":[{"embeddable":true,"href":"http:\/\/turklezzetmuzesi.com\/tr\/index.php\/wp-json\/wp\/v2\/comments?post=2662"}],"version-history":[{"count":29,"href":"http:\/\/turklezzetmuzesi.com\/tr\/index.php\/wp-json\/wp\/v2\/pages\/2662\/revisions"}],"predecessor-version":[{"id":4652,"href":"http:\/\/turklezzetmuzesi.com\/tr\/index.php\/wp-json\/wp\/v2\/pages\/2662\/revisions\/4652"}],"wp:attachment":[{"href":"http:\/\/turklezzetmuzesi.com\/tr\/index.php\/wp-json\/wp\/v2\/media?parent=2662"}],"curies":[{"name":"wp","href":"https:\/\/api.w.org\/{rel}","templated":true}]}}