{"id":3050,"date":"2018-02-14T11:34:04","date_gmt":"2018-02-14T08:34:04","guid":{"rendered":"http:\/\/www.turklezzetmuzesi.com?page_id=3050"},"modified":"2024-08-29T18:35:13","modified_gmt":"2024-08-29T15:35:13","slug":"iletisim","status":"publish","type":"page","link":"http:\/\/turklezzetmuzesi.com\/tr\/index.php\/iletisim\/","title":{"rendered":"\u0130LET\u0130\u015e\u0130M"},"content":{"rendered":"<p>[vc_row parallax=&#8221;content-moving&#8221; parallax_image=&#8221;626&#8243; content_text_aligment=&#8221;center&#8221; css=&#8221;.vc_custom_1547813744259{background-image: url(http:\/\/turklezzetmuzesi.com\/tr\/wp-content\/uploads\/2018\/02\/iletisim.jpg?id=4005) !important;}&#8221;][vc_column]<div class=\"eltd-parallax-holder eltd-vertical-middle-align eltd-disabled-parallax-on-touch\" data-parallax-speed=\"1\" style=\"background-image: url();min-height: 400px;height: 400px\">\n\t<div class=\"eltd-parallax-inner\">\n\t\t[vc_row_inner css=&#8221;.vc_custom_1518597043974{padding-top: 10% !important;padding-bottom: 5.2% !important;}&#8221;][vc_column_inner]<h2 class=\"eltd-custom-font-holder  eltd-cf-8322\" style=\"font-family: Titillium Web;font-size: 40px;line-height: 110px;font-weight: 500;text-align: center;color: #ffffff\" data-item-class=\"eltd-cf-8322\" data-font-size-1280=\"40px\" data-font-size-1024=\"20px\" data-font-size-768=\"20px\" data-font-size-680=\"30px\" data-line-height-1280=\"110px\" data-line-height-1024=\"100px\" data-line-height-768=\"110px\" data-line-height-680=\"70px\">\n\t<\/h2>[\/vc_column_inner][\/vc_row_inner]\t<\/div>\n<\/div>\n<div class=\"eltd-separator-holder clearfix  eltd-separator-center\">\n\t<div class=\"eltd-separator\" ><\/div>\n<\/div>\n[\/vc_column][\/vc_row][vc_row row_content_width=&#8221;grid&#8221; content_text_aligment=&#8221;center&#8221; css=&#8221;.vc_custom_1518610557986{padding-top: 60px !important;padding-bottom: 60px !important;}&#8221;][vc_column width=&#8221;1\/2&#8243; css=&#8221;.vc_custom_1518687637963{padding-top: 5.2% !important;padding-bottom: 5.2% !important;}&#8221;][vc_column_text]<\/p>\n<h1 style=\"text-align: left;\"><strong>Bize Ula\u015f\u0131n<\/strong><\/h1>\n<p>[\/vc_column_text][vc_row_inner content_text_aligment=&#8221;left&#8221; el_class=&#8221;.text-align: left;&#8221; css=&#8221;.vc_custom_1518610329954{padding-top: 5.2% !important;padding-bottom: 5.2% !important;}&#8221;][vc_column_inner]<div class=\"eltd-iwt clearfix eltd-iwt-icon-left eltd-iwt-icon-small\">\n\t<div class=\"eltd-iwt-icon\">\n\t\t\t\t\t\t\t\t\t    <span class=\"eltd-icon-shortcode eltd-normal eltd-icon-small\"             data-color=\"#ee2026\">                <i class=\"eltd-icon-font-awesome fa fa-phone eltd-icon-element\" style=\"color: #ee2026\" ><\/i>            <\/span>\t\t\t\t\t\t<\/div>\n\t<div class=\"eltd-iwt-content\" >\n\t\t\t\t\t<h4 class=\"eltd-iwt-title\" style=\"color: #ee2026\">\n\t\t\t\t\t\t\t\t<span class=\"eltd-iwt-title-text\">Telefon<\/span>\n\t\t\t\t\t\t\t<\/h4>\n\t\t\t\t\t\t\t<p class=\"eltd-iwt-text\" >0212 358 42 42<\/p>\n\t\t\t<\/div>\n<\/div>[\/vc_column_inner][\/vc_row_inner][vc_row_inner content_text_aligment=&#8221;left&#8221; css=&#8221;.vc_custom_1518610340458{padding-top: 5.2% !important;padding-bottom: 5.2% !important;}&#8221;][vc_column_inner]<div class=\"eltd-iwt clearfix eltd-iwt-icon-left eltd-iwt-icon-small\">\n\t<div class=\"eltd-iwt-icon\">\n\t\t\t\t\t\t\t\t\t    <span class=\"eltd-icon-shortcode eltd-normal eltd-icon-small\"             data-color=\"#ee2026\">                <i class=\"eltd-icon-font-awesome fa fa-address-book eltd-icon-element\" style=\"color: #ee2026\" ><\/i>            <\/span>\t\t\t\t\t\t<\/div>\n\t<div class=\"eltd-iwt-content\" >\n\t\t\t\t\t<h4 class=\"eltd-iwt-title\" style=\"color: #ee2026\">\n\t\t\t\t\t\t\t\t<span class=\"eltd-iwt-title-text\">Adres<\/span>\n\t\t\t\t\t\t\t<\/h4>\n\t\t\t\t\t\t\t<p class=\"eltd-iwt-text\" >42 Shopping Mall Ahi Evran Caddesi No:6 34485 Maslak\/\u0130stanbul \u2013 T\u00fcrkiye<\/p>\n\t\t\t<\/div>\n<\/div>[\/vc_column_inner][\/vc_row_inner][vc_row_inner content_text_aligment=&#8221;left&#8221; css=&#8221;.vc_custom_1518610344874{padding-top: 5.2% !important;padding-bottom: 5.2% !important;}&#8221;][vc_column_inner]<div class=\"eltd-iwt clearfix eltd-iwt-icon-left eltd-iwt-icon-small\">\n\t<div class=\"eltd-iwt-icon\">\n\t\t\t\t\t<a itemprop=\"url\" href=\"https:\/\/www.google.com\/maps\/place\/42+Maslak\/@41.1134163,29.0181553,17z\/data=!3m1!4b1!4m5!3m4!1s0x14cab5bf89700723:0xb746023adab01c47!8m2!3d41.1134163!4d29.020344?hl=tr-TR\" target=\"_self\">\n\t\t\t\t\t\t\t\t\t    <span class=\"eltd-icon-shortcode eltd-normal eltd-icon-small\"             data-color=\"#ee2026\">                <i class=\"eltd-icon-font-awesome fa fa-map-marker eltd-icon-element\" style=\"color: #ee2026\" ><\/i>            <\/span>\t\t\t\t\t\t\t\t<\/a>\n\t\t\t<\/div>\n\t<div class=\"eltd-iwt-content\" >\n\t\t\t\t\t<h4 class=\"eltd-iwt-title\" style=\"color: #ee2026\">\n\t\t\t\t\t\t\t\t\t<a itemprop=\"url\" href=\"https:\/\/www.google.com\/maps\/place\/42+Maslak\/@41.1134163,29.0181553,17z\/data=!3m1!4b1!4m5!3m4!1s0x14cab5bf89700723:0xb746023adab01c47!8m2!3d41.1134163!4d29.020344?hl=tr-TR\" target=\"_self\">\n\t\t\t\t\t\t\t\t<span class=\"eltd-iwt-title-text\">Yol Tarifi Al\u0131n<\/span>\n\t\t\t\t\t\t\t\t\t<\/a>\n\t\t\t\t\t\t\t<\/h4>\n\t\t\t\t\t\t\t<p class=\"eltd-iwt-text\" >Google haritalara bak\u0131n<\/p>\n\t\t\t<\/div>\n<\/div>[\/vc_column_inner][\/vc_row_inner][\/vc_column][vc_column width=&#8221;1\/2&#8243; css=&#8221;.vc_custom_1518610578411{background-position: center !important;background-repeat: no-repeat !important;background-size: cover !important;border-radius: 2px !important;}&#8221;]<div class=\"eltd-google-map-holder\">\n\t<div class=\"eltd-google-map\" id=\"eltd-map-1191984\" data-addresses='[\"https:\/\/www.google.com\/maps\/place\/42+Maslak\/@41.113045,29.021106,16z\/data=!4m6!3m5!1s0x14cab5bf89700723:0xb746023adab01c47!8m2!3d41.1130445!4d29.0211057!16s%2Fg%2F11c1ts_xsp?hl=en&amp;entry=ttu\"]' data-custom-map-style=no data-color-overlay=#393939 data-saturation=-100 data-lightness=-60 data-zoom=16 data-pin=http:\/\/turklezzetmuzesi.com\/tr\/wp-content\/uploads\/2019\/01\/tlm-logo.png data-unique-id=1191984 data-scroll-wheel=yes data-height=600 data-predefined-style=yes><\/div>\n\t<\/div>\n[\/vc_column][\/vc_row][vc_row parallax=&#8221;content-moving&#8221; parallax_image=&#8221;680&#8243; parallax_speed_bg=&#8221;2&#8243; content_text_aligment=&#8221;center&#8221; css=&#8221;.vc_custom_1547813616044{background-image: url(http:\/\/turklezzetmuzesi.com\/tr\/wp-content\/uploads\/2018\/02\/iletisim.jpg?id=4005) !important;}&#8221;][vc_column]<div class=\"eltd-parallax-holder eltd-vertical-middle-align eltd-disabled-parallax-on-touch\" data-parallax-speed=\"1\" style=\"background-image: url();min-height: 400px;height: 400px\">\n\t<div class=\"eltd-parallax-inner\">\n\t\t[vc_row_inner css=&#8221;.vc_custom_1499346415235{padding-top: 90px !important;padding-bottom: 130px !important;}&#8221;][vc_column_inner][vc_column_text]<\/p>\n<h1><span style=\"color: #ffffff;\">Gastro Museum\u2019da Yerinizi Al\u0131n<\/span><\/h1>\n<p>[\/vc_column_text][vc_empty_space height=&#8221;28px&#8221;]<a itemprop=\"url\" href=\"http:\/\/turklezzetmuzesi.com\/tr\/index.php\/bize-katilin\/\" target=\"_self\" style=\"text-align: center\" class=\"eltd-btn eltd-btn-medium eltd-btn-solid eltd-btn-custom-hover-bg eltd-btn-custom-border-hover eltd-btn-custom-hover-color eltd-btn-icon\" data-hover-color=\"#ffffff\" data-hover-bg-color=\"rgba(255,255,255,0)\" data-hover-border-color=\"#ffffff\" >\n    <span class=\"eltd-btn-text\"  >\n        Bize Kat\u0131l\u0131n    <\/span>\n\t        <span class=\"eltd-btn-icon-html\"  >\n            <span aria-hidden=\"true\" class=\"eltd-icon-font-elegant arrow_carrot-right \" ><\/span>        <\/span>\n\t<\/a>[\/vc_column_inner][\/vc_row_inner]\t<\/div>\n<\/div>\n[\/vc_column][\/vc_row]<\/p>\n","protected":false},"excerpt":{"rendered":"<p>[vc_row parallax=&#8221;content-moving&#8221; parallax_image=&#8221;626&#8243; content_text_aligment=&#8221;center&#8221; css=&#8221;.vc_custom_1547813744259{background-image: url(http:\/\/turklezzetmuzesi.com\/tr\/wp-content\/uploads\/2018\/02\/iletisim.jpg?id=4005) !important;}&#8221;][vc_column][\/vc_column][\/vc_row][vc_row row_content_width=&#8221;grid&#8221; content_text_aligment=&#8221;center&#8221; css=&#8221;.vc_custom_1518610557986{padding-top: 60px !important;padding-bottom: 60px !important;}&#8221;][vc_column width=&#8221;1\/2&#8243; css=&#8221;.vc_custom_1518687637963{padding-top: 5.2% !important;padding-bottom: 5.2% !important;}&#8221;][vc_column_text] Bize Ula\u015f\u0131n [\/vc_column_text][vc_row_inner content_text_aligment=&#8221;left&#8221; el_class=&#8221;.text-align: left;&#8221; css=&#8221;.vc_custom_1518610329954{padding-top: 5.2% !important;padding-bottom: 5.2% !important;}&#8221;][vc_column_inner][\/vc_column_inner][\/vc_row_inner][vc_row_inner content_text_aligment=&#8221;left&#8221; css=&#8221;.vc_custom_1518610340458{padding-top: 5.2% !important;padding-bottom: 5.2% !important;}&#8221;][vc_column_inner][\/vc_column_inner][\/vc_row_inner][vc_row_inner content_text_aligment=&#8221;left&#8221; css=&#8221;.vc_custom_1518610344874{padding-top: 5.2% [&hellip;]<\/p>\n","protected":false},"author":1,"featured_media":0,"parent":0,"menu_order":0,"comment_status":"closed","ping_status":"closed","template":"full-width.php","meta":{"footnotes":""},"_links":{"self":[{"href":"http:\/\/turklezzetmuzesi.com\/tr\/index.php\/wp-json\/wp\/v2\/pages\/3050"}],"collection":[{"href":"http:\/\/turklezzetmuzesi.com\/tr\/index.php\/wp-json\/wp\/v2\/pages"}],"about":[{"href":"http:\/\/turklezzetmuzesi.com\/tr\/index.php\/wp-json\/wp\/v2\/types\/page"}],"author":[{"embeddable":true,"href":"http:\/\/turklezzetmuzesi.com\/tr\/index.php\/wp-json\/wp\/v2\/users\/1"}],"replies":[{"embeddable":true,"href":"http:\/\/turklezzetmuzesi.com\/tr\/index.php\/wp-json\/wp\/v2\/comments?post=3050"}],"version-history":[{"count":16,"href":"http:\/\/turklezzetmuzesi.com\/tr\/index.php\/wp-json\/wp\/v2\/pages\/3050\/revisions"}],"predecessor-version":[{"id":4656,"href":"http:\/\/turklezzetmuzesi.com\/tr\/index.php\/wp-json\/wp\/v2\/pages\/3050\/revisions\/4656"}],"wp:attachment":[{"href":"http:\/\/turklezzetmuzesi.com\/tr\/index.php\/wp-json\/wp\/v2\/media?parent=3050"}],"curies":[{"name":"wp","href":"https:\/\/api.w.org\/{rel}","templated":true}]}}