{"id":3054,"date":"2018-02-14T11:38:35","date_gmt":"2018-02-14T08:38:35","guid":{"rendered":"http:\/\/www.turklezzetmuzesi.com?page_id=3054"},"modified":"2024-08-29T18:42:14","modified_gmt":"2024-08-29T15:42:14","slug":"bize-katilin","status":"publish","type":"page","link":"http:\/\/turklezzetmuzesi.com\/tr\/index.php\/bize-katilin\/","title":{"rendered":"B\u0130ZE KATILIN"},"content":{"rendered":"<p>[vc_row parallax=&#8221;content-moving&#8221; parallax_image=&#8221;680&#8243; parallax_speed_bg=&#8221;2&#8243; content_text_aligment=&#8221;center&#8221; css=&#8221;.vc_custom_1547813425577{background-image: url(http:\/\/turklezzetmuzesi.com\/tr\/wp-content\/uploads\/2018\/02\/iletisim.jpg?id=4005) !important;}&#8221;][vc_column]<div class=\"eltd-parallax-holder eltd-vertical-middle-align eltd-disabled-parallax-on-touch\" data-parallax-speed=\"1\" style=\"background-image: url();min-height: 400px;height: 400px\">\n\t<div class=\"eltd-parallax-inner\">\n\t\t[vc_row_inner css=&#8221;.vc_custom_1499346415235{padding-top: 90px !important;padding-bottom: 130px !important;}&#8221;][vc_column_inner][vc_column_text]<\/p>\n<h1><span style=\"color: #ffffff;\">Gastro Museum\u2019da yerinizi al\u0131n<\/span><\/h1>\n<p>[\/vc_column_text][vc_empty_space height=&#8221;28px&#8221;][\/vc_column_inner][\/vc_row_inner]\t<\/div>\n<\/div>\n[\/vc_column][\/vc_row][vc_row content_placement=&#8221;middle&#8221; css=&#8221;.vc_custom_1518684036778{padding-top: 113px !important;padding-bottom: 99px !important;background-color: #c01e2e !important;}&#8221;][vc_column][vc_row_inner equal_height=&#8221;yes&#8221; row_content_width=&#8221;grid&#8221;][vc_column_inner offset=&#8221;vc_col-lg-offset-0 vc_col-lg-6 vc_col-md-offset-2 vc_col-md-8&#8243;]<div class=\"eltd-elements-holder eltd-one-column eltd-responsive-mode-768\" ><div class=\"eltd-eh-item eltd-horizontal-alignment-center\"  data-item-class=\"eltd-eh-custom-780268\" data-768-1024=\"0 0 5% 0\" data-480-600=\"0 0 5% 0\" data-480=\"0 0 5% 0\">\n\t<div class=\"eltd-eh-item-inner\">\n\t\t<div class=\"eltd-eh-item-content eltd-eh-custom-780268\" style=\"padding: 0 11%\">\n\t\t\t[vc_column_text]<\/p>\n<h2 style=\"text-align: left;\"><span style=\"color: #ffffff;\"><strong>Gastro Museum\u2019un 10m\u00b2-200m\u00b2 aras\u0131, T\u00fcrkiye&#8217;nin farkl\u0131 y\u00f6relerine ait lokantalar\u0131 ve d\u00fckkanlar\u0131 aras\u0131nda yer almak i\u00e7in bizimle ileti\u015fime ge\u00e7in veya formu doldurun sizi arayal\u0131m.<\/strong><\/span><\/h2>\n<p>[\/vc_column_text]\t\t<\/div>\n\t<\/div>\n<\/div><\/div>[\/vc_column_inner][vc_column_inner offset=&#8221;vc_col-lg-offset-0 vc_col-lg-6 vc_col-md-offset-2 vc_col-md-8&#8243; css=&#8221;.vc_custom_1497424531665{padding-left: 0px !important;}&#8221;]<div class=\"eltd-elements-holder eltd-one-column eltd-responsive-mode-768\" ><div class=\"eltd-eh-item \"  data-item-class=\"eltd-eh-custom-136760\" data-480-600=\"0 0 0 5%\" data-480=\"0 0 0 5%\">\n\t<div class=\"eltd-eh-item-inner\">\n\t\t<div class=\"eltd-eh-item-content eltd-eh-custom-136760\" >\n\t\t\t<div class=\"eltd-section-title-holder\" style=\"padding: 0 3%\">\n\t\t\t<h1 class=\"eltd-st-title\" style=\"color: #ffffff\">\n\n            <span class=\"eltd-section-title-inner-wrapper\">\n\n                Sizi Arayal\u0131m\n            <\/span>\n\n\n\t\t<\/h1>\n\t\n\t\t\t<p class=\"eltd-st-text\" style=\"color: #ffffff;font-size: 18px;font-weight: 300\">A\u015fa\u011f\u0131daki formu doldurun, biz sizi arayal\u0131m.<\/p>\n\t\n<\/div>\n[vc_empty_space height=&#8221;30px&#8221;]\t\t<\/div>\n\t<\/div>\n<\/div><\/div><div class=\"eltd-elements-holder eltd-one-column eltd-responsive-mode-768\" ><div class=\"eltd-eh-item \"  data-item-class=\"eltd-eh-custom-184443\" data-1280-1600=\"0 5% 0 0\" data-1024-1280=\"0 13% 0 0\" data-768-1024=\"0 0 9% 0\" data-600-768=\"0 0 7% 0\" data-480-600=\"0 0\" data-480=\"0 0\">\n\t<div class=\"eltd-eh-item-inner\">\n\t\t<div class=\"eltd-eh-item-content eltd-eh-custom-184443\" >\n\t\t\t<div class=\"wpcf7 no-js\" id=\"wpcf7-f3494-o1\" lang=\"tr-TR\" dir=\"ltr\">\n<div class=\"screen-reader-response\"><p role=\"status\" aria-live=\"polite\" aria-atomic=\"true\"><\/p> <ul><\/ul><\/div>\n<form action=\"\/tr\/index.php\/wp-json\/wp\/v2\/pages\/3054#wpcf7-f3494-o1\" method=\"post\" class=\"wpcf7-form init\" aria-label=\"Contact form\" novalidate=\"novalidate\" data-status=\"init\">\n<div style=\"display: none;\">\n<input type=\"hidden\" name=\"_wpcf7\" value=\"3494\" \/>\n<input type=\"hidden\" name=\"_wpcf7_version\" value=\"5.7.1\" \/>\n<input type=\"hidden\" name=\"_wpcf7_locale\" value=\"tr_TR\" \/>\n<input type=\"hidden\" name=\"_wpcf7_unit_tag\" value=\"wpcf7-f3494-o1\" \/>\n<input type=\"hidden\" name=\"_wpcf7_container_post\" value=\"0\" \/>\n<input type=\"hidden\" name=\"_wpcf7_posted_data_hash\" value=\"\" \/>\n<\/div>\n<div class=\"eltd-newsletter-form clearfix\">\n\t<div class=\"eltd-grid-col-8 \">\n\t\t<p><span class=\"wpcf7-form-control-wrap\" data-name=\"your-name\"><input size=\"40\" class=\"wpcf7-form-control wpcf7-text wpcf7-validates-as-required\" aria-required=\"true\" aria-invalid=\"false\" placeholder=\"Ad\u0131n\u0131z\" value=\"\" type=\"text\" name=\"your-name\" \/><\/span>\n\t\t<\/p>\n\t<\/div>\n\t<div class=\"eltd-grid-col-8 \">\n\t\t<p><span class=\"wpcf7-form-control-wrap\" data-name=\"your-email\"><input size=\"40\" class=\"wpcf7-form-control wpcf7-text wpcf7-email wpcf7-validates-as-required wpcf7-validates-as-email\" aria-required=\"true\" aria-invalid=\"false\" placeholder=\"E-Posta Adresiniz\" value=\"\" type=\"email\" name=\"your-email\" \/><\/span>\n\t\t<\/p>\n\t<\/div>\n\t<div class=\"eltd-grid-col-8 \">\n\t\t<p><span class=\"wpcf7-form-control-wrap\" data-name=\"your-phone\"><input size=\"40\" class=\"wpcf7-form-control wpcf7-text wpcf7-tel wpcf7-validates-as-required wpcf7-validates-as-tel\" aria-required=\"true\" aria-invalid=\"false\" placeholder=\"Telefon Numaran\u0131z\" value=\"\" type=\"tel\" name=\"your-phone\" \/><\/span>\n\t\t<\/p>\n\t<\/div>\n\t<div class=\"eltd-grid-col-4\">\n\t\t<div class=\"eltd-newsletter-button\">\n\t\t\t<p><input class=\"wpcf7-form-control has-spinner wpcf7-submit\" type=\"submit\" value=\"G\u00f6nder\" \/>\n\t\t\t<\/p>\n\t\t<\/div>\n\t<\/div>\n<\/div><div class=\"wpcf7-response-output\" aria-hidden=\"true\"><\/div><\/form><\/div>\t\t<\/div>\n\t<\/div>\n<\/div><\/div>[\/vc_column_inner][\/vc_row_inner][\/vc_column][\/vc_row]<\/p>\n","protected":false},"excerpt":{"rendered":"<p>[vc_row parallax=&#8221;content-moving&#8221; parallax_image=&#8221;680&#8243; parallax_speed_bg=&#8221;2&#8243; content_text_aligment=&#8221;center&#8221; css=&#8221;.vc_custom_1547813425577{background-image: url(http:\/\/turklezzetmuzesi.com\/tr\/wp-content\/uploads\/2018\/02\/iletisim.jpg?id=4005) !important;}&#8221;][vc_column][\/vc_column][\/vc_row][vc_row content_placement=&#8221;middle&#8221; css=&#8221;.vc_custom_1518684036778{padding-top: 113px !important;padding-bottom: 99px !important;background-color: #c01e2e !important;}&#8221;][vc_column][vc_row_inner equal_height=&#8221;yes&#8221; row_content_width=&#8221;grid&#8221;][vc_column_inner offset=&#8221;vc_col-lg-offset-0 vc_col-lg-6 vc_col-md-offset-2 vc_col-md-8&#8243;][\/vc_column_inner][vc_column_inner offset=&#8221;vc_col-lg-offset-0 vc_col-lg-6 vc_col-md-offset-2 vc_col-md-8&#8243; css=&#8221;.vc_custom_1497424531665{padding-left: 0px !important;}&#8221;][\/vc_column_inner][\/vc_row_inner][\/vc_column][\/vc_row]<\/p>\n","protected":false},"author":1,"featured_media":0,"parent":0,"menu_order":0,"comment_status":"closed","ping_status":"closed","template":"full-width.php","meta":{"footnotes":""},"_links":{"self":[{"href":"http:\/\/turklezzetmuzesi.com\/tr\/index.php\/wp-json\/wp\/v2\/pages\/3054"}],"collection":[{"href":"http:\/\/turklezzetmuzesi.com\/tr\/index.php\/wp-json\/wp\/v2\/pages"}],"about":[{"href":"http:\/\/turklezzetmuzesi.com\/tr\/index.php\/wp-json\/wp\/v2\/types\/page"}],"author":[{"embeddable":true,"href":"http:\/\/turklezzetmuzesi.com\/tr\/index.php\/wp-json\/wp\/v2\/users\/1"}],"replies":[{"embeddable":true,"href":"http:\/\/turklezzetmuzesi.com\/tr\/index.php\/wp-json\/wp\/v2\/comments?post=3054"}],"version-history":[{"count":4,"href":"http:\/\/turklezzetmuzesi.com\/tr\/index.php\/wp-json\/wp\/v2\/pages\/3054\/revisions"}],"predecessor-version":[{"id":4657,"href":"http:\/\/turklezzetmuzesi.com\/tr\/index.php\/wp-json\/wp\/v2\/pages\/3054\/revisions\/4657"}],"wp:attachment":[{"href":"http:\/\/turklezzetmuzesi.com\/tr\/index.php\/wp-json\/wp\/v2\/media?parent=3054"}],"curies":[{"name":"wp","href":"https:\/\/api.w.org\/{rel}","templated":true}]}}