{"id":3479,"date":"2017-06-08T08:00:32","date_gmt":"2017-06-08T08:00:32","guid":{"rendered":"http:\/\/findme.elated-themes.com\/?page_id=621"},"modified":"2024-08-29T18:29:30","modified_gmt":"2024-08-29T15:29:30","slug":"hakkimizda","status":"publish","type":"page","link":"http:\/\/turklezzetmuzesi.com\/tr\/index.php\/hakkimizda\/","title":{"rendered":"HAKKIMIZDA"},"content":{"rendered":"<p>[vc_row row_content_width=&#8221;grid&#8221; content_text_aligment=&#8221;center&#8221; css=&#8221;.vc_custom_1613433184185{margin-top: 100px !important;padding-top: 0px !important;padding-bottom: 0px !important;}&#8221;][vc_column css=&#8221;.vc_custom_1613432008665{margin-top: 50px !important;margin-bottom: 50px !important;padding-top: 10px !important;padding-bottom: 10px !important;}&#8221;]<div class=\"eltd-section-title-holder\" style=\"text-align: center\">\n\t\t\t<h1 class=\"eltd-st-title\" style=\"color: #dd3333\">\n\n            <span class=\"eltd-section-title-inner-wrapper\">\n\n                T\u00dcRK\u0130YE&#039;DE \u0130LK VE TEK!\n            <\/span>\n\n\n\t\t<\/h1>\n\t\n\t\t\t<p class=\"eltd-st-text\" style=\"color: #808080;font-size: 18px\">81 \u0130L\u0130N B\u0130NLERCE \u00c7E\u015e\u0130T Y\u0130YECEK VE \u0130\u00c7ECEKLER\u0130 BURADA!<\/p>\n\t\n<\/div>\n[\/vc_column][\/vc_row][vc_row row_content_width=&#8221;grid&#8221; css=&#8221;.vc_custom_1613433253052{margin-top: 20px !important;margin-bottom: 50px !important;}&#8221;][vc_column width=&#8221;1\/3&#8243;][vc_column_text css=&#8221;.vc_custom_1613433418148{padding-top: 12px !important;}&#8221;]<\/p>\n<h4>\u00dclkemizin en \u00f6zg\u00fcn, kaliteli ve lezzetli \u00fcr\u00fcnlerini tadabilece\u011finiz, sat\u0131n alabilece\u011finiz ve lezzet deneyiminiz hakk\u0131nda bilgi sahibi olabilece\u011finiz her \u015feyi modern ve hijyenik ortamda tek bir \u00e7at\u0131 alt\u0131nda toplamak istedik.<\/h4>\n<p>[\/vc_column_text][\/vc_column][vc_column width=&#8221;1\/3&#8243;][vc_column_text css=&#8221;.vc_custom_1724945341060{padding-top: 12px !important;}&#8221;]Asl\u0131nda fikrin arkas\u0131nda lezzete ve d\u00fcnyan\u0131n en e\u015fsiz b\u00f6lgesi olan Anadolu\u2019nun yemeklerine ve T\u00fcrk Mutfa\u011f\u0131na olan tutkumuz var. Gastro Museum\u2019un konsepti; 1,5 y\u0131ll\u0131k ara\u015ft\u0131rma ve planlama d\u00f6neminin ard\u0131ndan 2016 y\u0131l\u0131nda olgunla\u015ft\u0131. En k\u00f6kl\u00fc ve en az \u00e7eyrek as\u0131rd\u0131r T\u00fcrk lezzetlerine emek vermi\u015f y\u00f6resel lokanta markalar\u0131n\u0131 ve her y\u00f6renin kaliteli ve lezzet garantili \u00fcr\u00fcnlerini satan d\u00fckkanlar\u0131n\u0131 ara\u015ft\u0131rd\u0131k. Bu markalar\u0131 bir m\u00fcze anlay\u0131\u015f\u0131 ile bir araya getiriyoruz.[\/vc_column_text][\/vc_column][vc_column width=&#8221;1\/3&#8243;][vc_column_text css=&#8221;.vc_custom_1724945358493{padding-top: 12px !important;}&#8221;]Gastro Museum, b\u00fcy\u00fck bir heyecan ile T\u00fcrkiye\u2019deki ilk yerini \u0130stanbul\u2019da 42 Maslak\u2019ta a\u00e7\u0131yor. Alkoll\u00fc bir mekanda, y\u00f6resel ev yemekleri, kebaplar, baharatlar, peynirler, zeytinya\u011fl\u0131lar ve hamur i\u015fleri de dahil olmak \u00fczere geleneksel mutfa\u011f\u0131m\u0131z\u0131 olu\u015fturan lezzetlerin merkezi olmak istiyoruz. Bu merkeze m\u00fcze demek istedik \u00e7\u00fcnk\u00fc ayn\u0131 zamanda T\u00fcrk gastronomisi \u00fczerine uluslararas\u0131 bir alg\u0131 olu\u015fturmak hedefi i\u00e7indeyiz.[\/vc_column_text][\/vc_column][\/vc_row][vc_row content_placement=&#8221;middle&#8221; row_content_width=&#8221;grid&#8221; css=&#8221;.vc_custom_1613433266905{margin-top: 0px !important;margin-bottom: 50px !important;background-color: #ffffff !important;}&#8221;][vc_column offset=&#8221;vc_col-lg-6 vc_col-md-12&#8243; css=&#8221;.vc_custom_1548234052891{padding-top: 0% !important;padding-right: 20px !important;padding-bottom: 0% !important;padding-left: 20px !important;}&#8221;][vc_single_image image=&#8221;4326&#8243; img_size=&#8221;full&#8221;][\/vc_column][vc_column offset=&#8221;vc_col-lg-6 vc_col-md-12&#8243; css=&#8221;.vc_custom_1548234567970{padding-top: 0px !important;padding-right: 20px !important;padding-bottom: 0px !important;padding-left: 20px !important;}&#8221;]<div class=\"eltd-section-title-holder\" >\n\t\t\t<h1 class=\"eltd-st-title\" style=\"color: #2a2a2a\">\n\n            <span class=\"eltd-section-title-inner-wrapper\">\n\n                Ger\u00e7ek T\u00fcrk Lezzetleri M\u00fczesi\n            <\/span>\n\n\n\t\t<\/h1>\n\t\n\t\n<\/div>\n[vc_column_text css=&#8221;.vc_custom_1519376506730{padding-top: 12px !important;}&#8221;]T\u00fcrk Lezzet M\u00fczesi, sadece bir yeme-i\u00e7me alan\u0131 de\u011fil ayn\u0131 zamanda bir hasret giderme alan\u0131 olacak.<\/p>\n<p>\u0130stanbul&#8217;da Anadolu&#8217;nun d\u00f6rt bir yan\u0131ndan gelen insanlar ya\u015f\u0131yor. Bu insanlar, memleketlerinin mutfa\u011f\u0131na duyduklar\u0131 \u00f6zlemi, bu alandaki mekanlarda giderecekler.<\/p>\n<p>\u00d6rne\u011fin &#8220;Dobo&#8221; yemek i\u00e7in Mardin&#8217;e gitmenize gerek kalmayacak. T\u00fcm k\u00f6kl\u00fc, geleneksel ve y\u00f6resel lezzetler, babadan o\u011fula ge\u00e7mi\u015f olan ustal\u0131kla beraber T\u00fcrk Lezzet M\u00fczesi&#8217;nde yerini alm\u0131\u015f durumda.[\/vc_column_text][\/vc_column][\/vc_row][vc_row content_placement=&#8221;middle&#8221; row_content_width=&#8221;grid&#8221; css=&#8221;.vc_custom_1613433277099{margin-bottom: 50px !important;background-color: #ffffff !important;}&#8221;][vc_column offset=&#8221;vc_col-lg-6 vc_col-md-12&#8243; css=&#8221;.vc_custom_1548234083207{padding-top: 0px !important;padding-right: 20px !important;padding-bottom: 0px !important;padding-left: 20px !important;}&#8221;][vc_single_image image=&#8221;4327&#8243; img_size=&#8221;full&#8221;][\/vc_column][vc_column offset=&#8221;vc_col-lg-6 vc_col-md-12&#8243; css=&#8221;.vc_custom_1548234579061{padding-top: 0% !important;padding-right: 20px !important;padding-bottom: 0% !important;padding-left: 20px !important;}&#8221;]<div class=\"eltd-section-title-holder\" >\n\t\t\t<h1 class=\"eltd-st-title\" style=\"color: #2a2a2a\">\n\n            <span class=\"eltd-section-title-inner-wrapper\">\n\n                Geleneksel ve Y\u00f6resel lezzetlerimiz d\u00fcnyada bilinmeli!\n            <\/span>\n\n\n\t\t<\/h1>\n\t\n\t\n<\/div>\n[vc_column_text css=&#8221;.vc_custom_1529491909055{padding-top: 12px !important;}&#8221;]Tar\u0131ma ilk ge\u00e7en co\u011frafyada, 7 b\u00f6lgenin, da\u011flar\u0131n, denizlerin ve ovalar\u0131n bereketiyle yo\u011frulmu\u015f lezzetlerin sofras\u0131nday\u0131z T\u00fcrkiye&#8217;de.<\/p>\n<p>T\u00fcrkiye&#8217;nin gastronominin ba\u015fkenti olmas\u0131 yolunda ilk ad\u0131m\u0131 att\u0131k. S\u00fcrd\u00fcr\u00fclebilir turizmin y\u00fckselen kolu olan gastronomiyi, kalk\u0131nmam\u0131z i\u00e7in verimli bir ara\u00e7 olarak g\u00f6r\u00fcyoruz ve lezzetli ke\u015fifler i\u00e7in d\u00fcnyan\u0131n g\u00f6z\u00fcn\u00fc T\u00fcrkiye&#8217;ye \u00e7evirmek i\u00e7in \u00e7al\u0131\u015f\u0131yoruz.<\/p>\n<p>Kadim T\u00fcrk k\u00fclt\u00fcrlerinden gelen tatlar\u0131 ve Anadolu mutfa\u011f\u0131n\u0131n e\u015fsiz zenginli\u011fini payla\u015faca\u011f\u0131m\u0131z bu dev platformu olu\u015fturduk.[\/vc_column_text][\/vc_column][\/vc_row][vc_row row_content_width=&#8221;grid&#8221; css=&#8221;.vc_custom_1547815052841{padding-top: 0px !important;}&#8221;][vc_column]<div class=\"eltd-animation-holder eltd-element-from-bottom\" data-animation=\"eltd-element-from-bottom\" data-animation-delay=\"\"><div class=\"eltd-animation-inner\"><div class=\"eltd-elements-holder eltd-two-columns eltd-responsive-mode-768\" ><div class=\"eltd-eh-item eltd-horizontal-alignment-right\"  data-item-class=\"eltd-eh-custom-545552\" data-600-768=\"10% 0 0\" data-480-600=\"20% 10%\" data-480=\"20% 10%\">\n\t<div class=\"eltd-eh-item-inner\">\n\t\t<div class=\"eltd-eh-item-content eltd-eh-custom-545552\" style=\"padding: 0 3% 0 0\">\n\t\t\t<div class=\"eltd-image-with-icon-holder\">\n    <div class=\"eltd-iwc-image\">\n                            <img width=\"313\" height=\"313\" src=\"http:\/\/turklezzetmuzesi.com\/tr\/wp-content\/uploads\/2024\/07\/33.png\" class=\"attachment-full size-full\" alt=\"\" decoding=\"async\" loading=\"lazy\" srcset=\"http:\/\/turklezzetmuzesi.com\/tr\/wp-content\/uploads\/2024\/07\/33.png 313w, http:\/\/turklezzetmuzesi.com\/tr\/wp-content\/uploads\/2024\/07\/33-300x300.png 300w, http:\/\/turklezzetmuzesi.com\/tr\/wp-content\/uploads\/2024\/07\/33-150x150.png 150w, http:\/\/turklezzetmuzesi.com\/tr\/wp-content\/uploads\/2024\/07\/33-100x100.png 100w\" sizes=\"(max-width: 313px) 100vw, 313px\" \/>                <\/div>\n    <div class=\"eltd-iwc-icon-holder\">\n                    <img width=\"102\" height=\"102\" src=\"http:\/\/turklezzetmuzesi.com\/tr\/wp-content\/uploads\/2019\/01\/001.png\" class=\"attachment-full size-full\" alt=\"\" decoding=\"async\" loading=\"lazy\" srcset=\"http:\/\/turklezzetmuzesi.com\/tr\/wp-content\/uploads\/2019\/01\/001.png 102w, http:\/\/turklezzetmuzesi.com\/tr\/wp-content\/uploads\/2019\/01\/001-100x100.png 100w\" sizes=\"(max-width: 102px) 100vw, 102px\" \/>        \n    <\/div>\n<\/div>\t\t<\/div>\n\t<\/div>\n<\/div><div class=\"eltd-eh-item \"  data-item-class=\"eltd-eh-custom-719217\" data-600-768=\"10% 0 0\" data-480-600=\"10% 0 20%\" data-480=\"10% 0 20%\">\n\t<div class=\"eltd-eh-item-inner\">\n\t\t<div class=\"eltd-eh-item-content eltd-eh-custom-719217\" style=\"padding: 0 0 0 14%\">\n\t\t\t<div class=\"eltd-section-title-holder\" >\n\t\t\t<h2 class=\"eltd-st-title\" style=\"color: #2a2a2a\">\n\n            <span class=\"eltd-section-title-inner-wrapper\">\n\n                Tek katta 6.600 m\u00b2\n            <\/span>\n\n\n\t\t<\/h2>\n\t\n\t\n<\/div>\n\t\t<\/div>\n\t<\/div>\n<\/div><\/div><\/div><\/div>[\/vc_column][\/vc_row][vc_row row_content_width=&#8221;grid&#8221; css=&#8221;.vc_custom_1496917087854{padding-top: 8% !important;padding-bottom: 8% !important;}&#8221;][vc_column]<div class=\"eltd-animation-holder eltd-element-from-bottom\" data-animation=\"eltd-element-from-bottom\" data-animation-delay=\"400\"><div class=\"eltd-animation-inner\"><div class=\"eltd-elements-holder eltd-two-columns eltd-responsive-mode-768\" ><div class=\"eltd-eh-item eltd-horizontal-alignment-right\"  data-item-class=\"eltd-eh-custom-889763\" data-600-768=\"10% 0 0\" data-480-600=\"0 0 0 0%\" data-480=\"0 0 0 0%\">\n\t<div class=\"eltd-eh-item-inner\">\n\t\t<div class=\"eltd-eh-item-content eltd-eh-custom-889763\" style=\"padding: 0 3% 0 0\">\n\t\t\t<div class=\"eltd-section-title-holder\" style=\"text-align: right\">\n\t\t\t<h2 class=\"eltd-st-title\" style=\"color: #2a2a2a\">\n\n            <span class=\"eltd-section-title-inner-wrapper\">\n\n                T\u00fcrkiye&#039;nin farkl\u0131 y\u00f6relerine ait 36 adet lokanta ve d\u00fckkan\n            <\/span>\n\n\n\t\t<\/h2>\n\t\n\t\n<\/div>\n[vc_empty_space height=&#8221;20px&#8221;]\t\t<\/div>\n\t<\/div>\n<\/div><div class=\"eltd-eh-item eltd-horizontal-alignment-right\"  data-item-class=\"eltd-eh-custom-931931\" data-1280-1600=\"0 33% 0 0\" data-1024-1280=\"0 28% 0 0\" data-768-1024=\"0 4% 0 0\" data-600-768=\"10% 0 0\" data-480-600=\"20% 10%\" data-480=\"20% 10%\">\n\t<div class=\"eltd-eh-item-inner\">\n\t\t<div class=\"eltd-eh-item-content eltd-eh-custom-931931\" style=\"padding: 0 33% 0 0\">\n\t\t\t<div class=\"eltd-image-with-icon-holder\">\n    <div class=\"eltd-iwc-image\">\n                            <img width=\"313\" height=\"313\" src=\"http:\/\/turklezzetmuzesi.com\/tr\/wp-content\/uploads\/2024\/07\/77.png\" class=\"attachment-full size-full\" alt=\"\" decoding=\"async\" loading=\"lazy\" srcset=\"http:\/\/turklezzetmuzesi.com\/tr\/wp-content\/uploads\/2024\/07\/77.png 313w, http:\/\/turklezzetmuzesi.com\/tr\/wp-content\/uploads\/2024\/07\/77-300x300.png 300w, http:\/\/turklezzetmuzesi.com\/tr\/wp-content\/uploads\/2024\/07\/77-150x150.png 150w, http:\/\/turklezzetmuzesi.com\/tr\/wp-content\/uploads\/2024\/07\/77-100x100.png 100w\" sizes=\"(max-width: 313px) 100vw, 313px\" \/>                <\/div>\n    <div class=\"eltd-iwc-icon-holder\">\n                    <img width=\"102\" height=\"102\" src=\"http:\/\/turklezzetmuzesi.com\/tr\/wp-content\/uploads\/2019\/01\/002.png\" class=\"attachment-full size-full\" alt=\"\" decoding=\"async\" loading=\"lazy\" srcset=\"http:\/\/turklezzetmuzesi.com\/tr\/wp-content\/uploads\/2019\/01\/002.png 102w, http:\/\/turklezzetmuzesi.com\/tr\/wp-content\/uploads\/2019\/01\/002-100x100.png 100w\" sizes=\"(max-width: 102px) 100vw, 102px\" \/>        \n    <\/div>\n<\/div>\t\t<\/div>\n\t<\/div>\n<\/div><\/div><\/div><\/div>[\/vc_column][\/vc_row][vc_row row_content_width=&#8221;grid&#8221; css=&#8221;.vc_custom_1496917143629{padding-bottom: 100px !important;}&#8221;][vc_column]<div class=\"eltd-animation-holder eltd-element-from-bottom\" data-animation=\"eltd-element-from-bottom\" data-animation-delay=\"\"><div class=\"eltd-animation-inner\"><div class=\"eltd-elements-holder eltd-two-columns eltd-responsive-mode-768\" ><div class=\"eltd-eh-item eltd-horizontal-alignment-right\"  data-item-class=\"eltd-eh-custom-710004\" data-600-768=\"10% 0 0\" data-480-600=\"0% 10% 20%\" data-480=\"0% 10% 20%\">\n\t<div class=\"eltd-eh-item-inner\">\n\t\t<div class=\"eltd-eh-item-content eltd-eh-custom-710004\" style=\"padding: 0 3% 0 0\">\n\t\t\t<div class=\"eltd-image-with-icon-holder\">\n    <div class=\"eltd-iwc-image\">\n                            <img width=\"313\" height=\"313\" src=\"http:\/\/turklezzetmuzesi.com\/tr\/wp-content\/uploads\/2024\/07\/66.png\" class=\"attachment-full size-full\" alt=\"\" decoding=\"async\" loading=\"lazy\" srcset=\"http:\/\/turklezzetmuzesi.com\/tr\/wp-content\/uploads\/2024\/07\/66.png 313w, http:\/\/turklezzetmuzesi.com\/tr\/wp-content\/uploads\/2024\/07\/66-300x300.png 300w, http:\/\/turklezzetmuzesi.com\/tr\/wp-content\/uploads\/2024\/07\/66-150x150.png 150w, http:\/\/turklezzetmuzesi.com\/tr\/wp-content\/uploads\/2024\/07\/66-100x100.png 100w\" sizes=\"(max-width: 313px) 100vw, 313px\" \/>                <\/div>\n    <div class=\"eltd-iwc-icon-holder\">\n                    <img width=\"102\" height=\"102\" src=\"http:\/\/turklezzetmuzesi.com\/tr\/wp-content\/uploads\/2019\/01\/003.png\" class=\"attachment-full size-full\" alt=\"\" decoding=\"async\" loading=\"lazy\" srcset=\"http:\/\/turklezzetmuzesi.com\/tr\/wp-content\/uploads\/2019\/01\/003.png 102w, http:\/\/turklezzetmuzesi.com\/tr\/wp-content\/uploads\/2019\/01\/003-100x100.png 100w\" sizes=\"(max-width: 102px) 100vw, 102px\" \/>        \n    <\/div>\n<\/div>\t\t<\/div>\n\t<\/div>\n<\/div><div class=\"eltd-eh-item \"  data-item-class=\"eltd-eh-custom-716782\" data-600-768=\"10% 0 0\" data-480-600=\"10% 0 0\" data-480=\"10% 0 0\">\n\t<div class=\"eltd-eh-item-inner\">\n\t\t<div class=\"eltd-eh-item-content eltd-eh-custom-716782\" style=\"padding: 0 0 0 14%\">\n\t\t\t<div class=\"eltd-section-title-holder\" >\n\t\t\t<h2 class=\"eltd-st-title\" style=\"color: #2a2a2a\">\n\n            <span class=\"eltd-section-title-inner-wrapper\">\n\n                Toplam 1.800 ki\u015filik ortak alan oturma kapasitesi\n            <\/span>\n\n\n\t\t<\/h2>\n\t\n\t\n<\/div>\n\t\t<\/div>\n\t<\/div>\n<\/div><\/div><\/div><\/div>[\/vc_column][\/vc_row][vc_row row_content_width=&#8221;grid&#8221; css=&#8221;.vc_custom_1496917087854{padding-top: 8% !important;padding-bottom: 8% !important;}&#8221;][vc_column]<div class=\"eltd-animation-holder eltd-element-from-bottom\" data-animation=\"eltd-element-from-bottom\" data-animation-delay=\"400\"><div class=\"eltd-animation-inner\"><div class=\"eltd-elements-holder eltd-two-columns eltd-responsive-mode-768\" ><div class=\"eltd-eh-item eltd-horizontal-alignment-right\"  data-item-class=\"eltd-eh-custom-232388\" data-600-768=\"10% 0 0\" data-480-600=\"0 0 0 0%\" data-480=\"0 0 0 0%\">\n\t<div class=\"eltd-eh-item-inner\">\n\t\t<div class=\"eltd-eh-item-content eltd-eh-custom-232388\" style=\"padding: 0 3% 0 0\">\n\t\t\t<div class=\"eltd-section-title-holder\" style=\"text-align: right\">\n\t\t\t<h2 class=\"eltd-st-title\" style=\"color: #2a2a2a\">\n\n            <span class=\"eltd-section-title-inner-wrapper\">\n\n                600 ki\u015filik a\u00e7\u0131k oturma alan\u0131\n            <\/span>\n\n\n\t\t<\/h2>\n\t\n\t\n<\/div>\n[vc_empty_space height=&#8221;20px&#8221;]\t\t<\/div>\n\t<\/div>\n<\/div><div class=\"eltd-eh-item eltd-horizontal-alignment-right\"  data-item-class=\"eltd-eh-custom-104502\" data-1280-1600=\"0 33% 0 0\" data-1024-1280=\"0 28% 0 0\" data-768-1024=\"0 4% 0 0\" data-600-768=\"10% 0 0\" data-480-600=\"20% 10%\" data-480=\"20% 10%\">\n\t<div class=\"eltd-eh-item-inner\">\n\t\t<div class=\"eltd-eh-item-content eltd-eh-custom-104502\" style=\"padding: 0 33% 0 0\">\n\t\t\t<div class=\"eltd-image-with-icon-holder\">\n    <div class=\"eltd-iwc-image\">\n                            <img width=\"313\" height=\"313\" src=\"http:\/\/turklezzetmuzesi.com\/tr\/wp-content\/uploads\/2019\/01\/01.png\" class=\"attachment-full size-full\" alt=\"\" decoding=\"async\" loading=\"lazy\" srcset=\"http:\/\/turklezzetmuzesi.com\/tr\/wp-content\/uploads\/2019\/01\/01.png 313w, http:\/\/turklezzetmuzesi.com\/tr\/wp-content\/uploads\/2019\/01\/01-150x150.png 150w, http:\/\/turklezzetmuzesi.com\/tr\/wp-content\/uploads\/2019\/01\/01-300x300.png 300w, http:\/\/turklezzetmuzesi.com\/tr\/wp-content\/uploads\/2019\/01\/01-100x100.png 100w\" sizes=\"(max-width: 313px) 100vw, 313px\" \/>                <\/div>\n    <div class=\"eltd-iwc-icon-holder\">\n                    <img width=\"102\" height=\"102\" src=\"http:\/\/turklezzetmuzesi.com\/tr\/wp-content\/uploads\/2019\/01\/004.png\" class=\"attachment-full size-full\" alt=\"\" decoding=\"async\" loading=\"lazy\" srcset=\"http:\/\/turklezzetmuzesi.com\/tr\/wp-content\/uploads\/2019\/01\/004.png 102w, http:\/\/turklezzetmuzesi.com\/tr\/wp-content\/uploads\/2019\/01\/004-100x100.png 100w\" sizes=\"(max-width: 102px) 100vw, 102px\" \/>        \n    <\/div>\n<\/div>\t\t<\/div>\n\t<\/div>\n<\/div><\/div><\/div><\/div>[\/vc_column][\/vc_row]<\/p>\n","protected":false},"excerpt":{"rendered":"<p>[vc_row row_content_width=&#8221;grid&#8221; content_text_aligment=&#8221;center&#8221; css=&#8221;.vc_custom_1613433184185{margin-top: 100px !important;padding-top: 0px !important;padding-bottom: 0px !important;}&#8221;][vc_column css=&#8221;.vc_custom_1613432008665{margin-top: 50px !important;margin-bottom: 50px !important;padding-top: 10px !important;padding-bottom: 10px !important;}&#8221;][\/vc_column][\/vc_row][vc_row row_content_width=&#8221;grid&#8221; css=&#8221;.vc_custom_1613433253052{margin-top: 20px !important;margin-bottom: 50px !important;}&#8221;][vc_column width=&#8221;1\/3&#8243;][vc_column_text css=&#8221;.vc_custom_1613433418148{padding-top: 12px !important;}&#8221;] \u00dclkemizin en \u00f6zg\u00fcn, kaliteli ve lezzetli \u00fcr\u00fcnlerini tadabilece\u011finiz, sat\u0131n alabilece\u011finiz ve [&hellip;]<\/p>\n","protected":false},"author":1,"featured_media":0,"parent":0,"menu_order":0,"comment_status":"closed","ping_status":"closed","template":"full-width.php","meta":{"footnotes":""},"_links":{"self":[{"href":"http:\/\/turklezzetmuzesi.com\/tr\/index.php\/wp-json\/wp\/v2\/pages\/3479"}],"collection":[{"href":"http:\/\/turklezzetmuzesi.com\/tr\/index.php\/wp-json\/wp\/v2\/pages"}],"about":[{"href":"http:\/\/turklezzetmuzesi.com\/tr\/index.php\/wp-json\/wp\/v2\/types\/page"}],"author":[{"embeddable":true,"href":"http:\/\/turklezzetmuzesi.com\/tr\/index.php\/wp-json\/wp\/v2\/users\/1"}],"replies":[{"embeddable":true,"href":"http:\/\/turklezzetmuzesi.com\/tr\/index.php\/wp-json\/wp\/v2\/comments?post=3479"}],"version-history":[{"count":33,"href":"http:\/\/turklezzetmuzesi.com\/tr\/index.php\/wp-json\/wp\/v2\/pages\/3479\/revisions"}],"predecessor-version":[{"id":4653,"href":"http:\/\/turklezzetmuzesi.com\/tr\/index.php\/wp-json\/wp\/v2\/pages\/3479\/revisions\/4653"}],"wp:attachment":[{"href":"http:\/\/turklezzetmuzesi.com\/tr\/index.php\/wp-json\/wp\/v2\/media?parent=3479"}],"curies":[{"name":"wp","href":"https:\/\/api.w.org\/{rel}","templated":true}]}}