{"id":3481,"date":"2017-06-08T10:35:05","date_gmt":"2017-06-08T10:35:05","guid":{"rendered":"http:\/\/findme.elated-themes.com\/?page_id=735"},"modified":"2021-02-16T19:33:36","modified_gmt":"2021-02-16T16:33:36","slug":"medya","status":"publish","type":"page","link":"http:\/\/turklezzetmuzesi.com\/tr\/index.php\/medya\/","title":{"rendered":"MEDYA"},"content":{"rendered":"<p>[vc_row row_content_width=&#8221;grid&#8221; css=&#8221;.vc_custom_1496917003959{padding-top: 8% !important;}&#8221;][vc_column width=&#8221;1\/3&#8243;]<div class=\"eltd-animation-holder eltd-element-from-bottom\" data-animation=\"eltd-element-from-bottom\" data-animation-delay=\"\"><div class=\"eltd-animation-inner\">[vc_single_image image=&#8221;4137&#8243; img_size=&#8221;full&#8221; onclick=&#8221;custom_link&#8221; title=&#8221;T\u00fcrk Lezzetlerinin Referans Merkezi &#8211; Platin 01.05.2018&#8243; link=&#8221;http:\/\/turklezzetmuzesi.com\/tr\/wp-content\/uploads\/2019\/01\/platin-1-1.pdf&#8221;]<\/div><\/div>[\/vc_column][vc_column width=&#8221;1\/3&#8243;][vc_single_image image=&#8221;4155&#8243; img_size=&#8221;full&#8221; onclick=&#8221;link_image&#8221; title=&#8221;Hatay G\u00fcney R\u00fczgar\u0131 Dergisi Fahir Semir Abac\u0131 01.07.2017&#8243;][\/vc_column][vc_column width=&#8221;1\/3&#8243;][vc_single_image image=&#8221;4157&#8243; img_size=&#8221;full&#8221; onclick=&#8221;link_image&#8221; title=&#8221;Star Bu\u0308s\u0327ra Ug\u0306ras\u0327 24.06.2017&#8243;][\/vc_column][\/vc_row][vc_row row_content_width=&#8221;grid&#8221; css=&#8221;.vc_custom_1496917003959{padding-top: 8% !important;}&#8221;][vc_column width=&#8221;1\/3&#8243;]<div class=\"eltd-animation-holder eltd-element-from-bottom\" data-animation=\"eltd-element-from-bottom\" data-animation-delay=\"\"><div class=\"eltd-animation-inner\">[vc_single_image image=&#8221;4159&#8243; img_size=&#8221;full&#8221; onclick=&#8221;link_image&#8221; title=&#8221;Gaziantep Olay TEOMAN H\u00dcNAL 20.06.2017&#8243;]<\/div><\/div>[\/vc_column][vc_column width=&#8221;1\/3&#8243;][vc_single_image image=&#8221;4128&#8243; img_size=&#8221;full&#8221; onclick=&#8221;link_image&#8221; title=&#8221;Vatan TEOMAN H\u00dcNAL 18.06.2017&#8243;][\/vc_column][vc_column width=&#8221;1\/3&#8243;][vc_single_image image=&#8221;4160&#8243; img_size=&#8221;full&#8221; onclick=&#8221;link_image&#8221; title=&#8221;H\u00fcrriyet M\u00dcGE AKG\u00dcN 17.06.2017&#8243;][\/vc_column][\/vc_row][vc_row row_content_width=&#8221;grid&#8221; css=&#8221;.vc_custom_1496917003959{padding-top: 8% !important;}&#8221;][vc_column width=&#8221;1\/3&#8243;]<div class=\"eltd-animation-holder eltd-element-from-bottom\" data-animation=\"eltd-element-from-bottom\" data-animation-delay=\"\"><div class=\"eltd-animation-inner\">[vc_single_image image=&#8221;4161&#8243; img_size=&#8221;full&#8221; onclick=&#8221;link_image&#8221; title=&#8221;Milliyet G\u00dcNER\u0130 CIVAO\u011eLU 11.06.2017&#8243;]<\/div><\/div>[\/vc_column][vc_column width=&#8221;1\/3&#8243;][vc_single_image image=&#8221;4162&#8243; img_size=&#8221;full&#8221; onclick=&#8221;link_image&#8221; title=&#8221;Isparta Postas\u0131 Gazetesi 30.05.2017&#8243;][\/vc_column][vc_column width=&#8221;1\/3&#8243;][vc_single_image image=&#8221;4163&#8243; img_size=&#8221;full&#8221; onclick=&#8221;link_image&#8221; title=&#8221;G\u00fclses Gazetesi 30.05.2017&#8243;][\/vc_column][\/vc_row][vc_row row_content_width=&#8221;grid&#8221; css=&#8221;.vc_custom_1496917003959{padding-top: 8% !important;}&#8221;][vc_column width=&#8221;1\/3&#8243;]<div class=\"eltd-animation-holder eltd-element-from-bottom\" data-animation=\"eltd-element-from-bottom\" data-animation-delay=\"\"><div class=\"eltd-animation-inner\">[vc_single_image image=&#8221;4165&#8243; img_size=&#8221;full&#8221; onclick=&#8221;link_image&#8221; title=&#8221;D\u00fcnya-Gazetesi FARUK \u015e\u00dcY\u00dcN 29.05.2017&#8243;]<\/div><\/div>[\/vc_column][vc_column width=&#8221;1\/3&#8243;][vc_single_image image=&#8221;4166&#8243; img_size=&#8221;full&#8221; onclick=&#8221;link_image&#8221; title=&#8221;www.gazete2023.com 29.05.2017&#8243;][\/vc_column][vc_column width=&#8221;1\/3&#8243;][vc_single_image image=&#8221;4167&#8243; img_size=&#8221;full&#8221; onclick=&#8221;link_image&#8221; title=&#8221;www.ascihaber.com 29.05.2017&#8243;][\/vc_column][\/vc_row][vc_row row_content_width=&#8221;grid&#8221; css=&#8221;.vc_custom_1496917003959{padding-top: 8% !important;}&#8221;][vc_column width=&#8221;1\/3&#8243;]<div class=\"eltd-animation-holder eltd-element-from-bottom\" data-animation=\"eltd-element-from-bottom\" data-animation-delay=\"\"><div class=\"eltd-animation-inner\">[vc_single_image image=&#8221;4168&#8243; img_size=&#8221;full&#8221; onclick=&#8221;link_image&#8221; title=&#8221;www.foodtimedergi.com 29.05.2017&#8243;]<\/div><\/div>[\/vc_column][vc_column width=&#8221;1\/3&#8243;][vc_single_image image=&#8221;4169&#8243; img_size=&#8221;full&#8221; onclick=&#8221;link_image&#8221; title=&#8221;www.dunya.com 29.05.2017&#8243;][\/vc_column][vc_column width=&#8221;1\/3&#8243;][vc_single_image image=&#8221;4170&#8243; img_size=&#8221;full&#8221; onclick=&#8221;link_image&#8221; title=&#8221;www.yenisafak.com 28.05.2017&#8243;][\/vc_column][\/vc_row][vc_row row_content_width=&#8221;grid&#8221; css=&#8221;.vc_custom_1496917003959{padding-top: 8% !important;}&#8221;][vc_column width=&#8221;1\/3&#8243;]<div class=\"eltd-animation-holder eltd-element-from-bottom\" data-animation=\"eltd-element-from-bottom\" data-animation-delay=\"\"><div class=\"eltd-animation-inner\">[vc_single_image image=&#8221;4171&#8243; img_size=&#8221;full&#8221; onclick=&#8221;link_image&#8221; title=&#8221;Milliyet Asl\u0131 \u0130zmirli 26.05.2017&#8243;]<\/div><\/div>[\/vc_column][vc_column width=&#8221;1\/3&#8243;][vc_single_image image=&#8221;4172&#8243; img_size=&#8221;full&#8221; onclick=&#8221;link_image&#8221; title=&#8221;www.dunya.com 29.05.2017&#8243;][\/vc_column][vc_column width=&#8221;1\/3&#8243;][vc_single_image image=&#8221;4173&#8243; img_size=&#8221;full&#8221; onclick=&#8221;link_image&#8221; title=&#8221;www.turizminsesi.com 26.05.2017&#8243;][\/vc_column][\/vc_row][vc_row row_content_width=&#8221;grid&#8221; css=&#8221;.vc_custom_1496917003959{padding-top: 8% !important;}&#8221;][vc_column width=&#8221;1\/3&#8243;]<div class=\"eltd-animation-holder eltd-element-from-bottom\" data-animation=\"eltd-element-from-bottom\" data-animation-delay=\"\"><div class=\"eltd-animation-inner\">[vc_single_image image=&#8221;4174&#8243; img_size=&#8221;full&#8221; onclick=&#8221;link_image&#8221; title=&#8221;www.milliyet.com.tr 26.05.2017&#8243;]<\/div><\/div>[\/vc_column][vc_column width=&#8221;1\/3&#8243;][\/vc_column][vc_column width=&#8221;1\/3&#8243;][\/vc_column][\/vc_row]<\/p>\n","protected":false},"excerpt":{"rendered":"<p>[vc_row row_content_width=&#8221;grid&#8221; css=&#8221;.vc_custom_1496917003959{padding-top: 8% !important;}&#8221;][vc_column width=&#8221;1\/3&#8243;][\/vc_column][vc_column width=&#8221;1\/3&#8243;][vc_single_image image=&#8221;4155&#8243; img_size=&#8221;full&#8221; onclick=&#8221;link_image&#8221; title=&#8221;Hatay G\u00fcney R\u00fczgar\u0131 Dergisi Fahir Semir Abac\u0131 01.07.2017&#8243;][\/vc_column][vc_column width=&#8221;1\/3&#8243;][vc_single_image image=&#8221;4157&#8243; img_size=&#8221;full&#8221; onclick=&#8221;link_image&#8221; title=&#8221;Star Bu\u0308s\u0327ra Ug\u0306ras\u0327 24.06.2017&#8243;][\/vc_column][\/vc_row][vc_row row_content_width=&#8221;grid&#8221; css=&#8221;.vc_custom_1496917003959{padding-top: 8% !important;}&#8221;][vc_column width=&#8221;1\/3&#8243;][\/vc_column][vc_column width=&#8221;1\/3&#8243;][vc_single_image image=&#8221;4128&#8243; img_size=&#8221;full&#8221; onclick=&#8221;link_image&#8221; title=&#8221;Vatan TEOMAN H\u00dcNAL 18.06.2017&#8243;][\/vc_column][vc_column width=&#8221;1\/3&#8243;][vc_single_image [&hellip;]<\/p>\n","protected":false},"author":1,"featured_media":0,"parent":0,"menu_order":0,"comment_status":"closed","ping_status":"closed","template":"full-width.php","meta":{"footnotes":""},"_links":{"self":[{"href":"http:\/\/turklezzetmuzesi.com\/tr\/index.php\/wp-json\/wp\/v2\/pages\/3481"}],"collection":[{"href":"http:\/\/turklezzetmuzesi.com\/tr\/index.php\/wp-json\/wp\/v2\/pages"}],"about":[{"href":"http:\/\/turklezzetmuzesi.com\/tr\/index.php\/wp-json\/wp\/v2\/types\/page"}],"author":[{"embeddable":true,"href":"http:\/\/turklezzetmuzesi.com\/tr\/index.php\/wp-json\/wp\/v2\/users\/1"}],"replies":[{"embeddable":true,"href":"http:\/\/turklezzetmuzesi.com\/tr\/index.php\/wp-json\/wp\/v2\/comments?post=3481"}],"version-history":[{"count":17,"href":"http:\/\/turklezzetmuzesi.com\/tr\/index.php\/wp-json\/wp\/v2\/pages\/3481\/revisions"}],"predecessor-version":[{"id":4377,"href":"http:\/\/turklezzetmuzesi.com\/tr\/index.php\/wp-json\/wp\/v2\/pages\/3481\/revisions\/4377"}],"wp:attachment":[{"href":"http:\/\/turklezzetmuzesi.com\/tr\/index.php\/wp-json\/wp\/v2\/media?parent=3481"}],"curies":[{"name":"wp","href":"https:\/\/api.w.org\/{rel}","templated":true}]}}