{"id":3483,"date":"2017-06-20T06:54:44","date_gmt":"2017-06-20T06:54:44","guid":{"rendered":"http:\/\/findme.elated-themes.com\/?page_id=1717"},"modified":"2024-08-29T18:32:48","modified_gmt":"2024-08-29T15:32:48","slug":"lezzet-duraklari","status":"publish","type":"page","link":"http:\/\/turklezzetmuzesi.com\/tr\/index.php\/lezzet-duraklari\/","title":{"rendered":"LEZZET DURAKLARI"},"content":{"rendered":"<p>[vc_row][vc_column]<div class=\"eltd-elements-holder eltd-one-column eltd-responsive-mode-768\" ><div class=\"eltd-eh-item \"  data-item-class=\"eltd-eh-custom-179961\" data-1280-1600=\"0 6.7% 5.5% 6.7%\" data-1024-1280=\"0 7.5% 6.2% 7.5%\" data-768-1024=\"0 9.2% 7.6% 9.2%\" data-600-768=\"0 11% 9%\" data-480-600=\"0 5% 30%\" data-480=\"0 5% 30%\">\n\t<div class=\"eltd-eh-item-inner\">\n\t\t<div class=\"eltd-eh-item-content eltd-eh-custom-179961\" style=\"padding: 0 6.7% 5.9% 6.7%\">\n\t\t\t\n<div class=\"eltd-ls-list-holder clearfix\">\n\n\t<div class=\"eltd-ls-list-items-holder clearfix eltd-ls-list-normal-space eltd-ls-list-three-columns\">\n\t\t<div class=\"eltd-ls-list-items-holder-inner eltd-ls-list-inner clearfix\">\n\t\t\t<article class=\"eltd-ls-item\">\n\n\t\n\t\t<div class=\"eltd-ls-item-image\">\n            \n\t\t\t<a href=\"http:\/\/turklezzetmuzesi.com\/tr\/index.php\/ilan\/ali-muhiddin-haci-bekir\/\">\n\t\t\t\t<img width=\"800\" height=\"573\" src=\"http:\/\/turklezzetmuzesi.com\/tr\/wp-content\/uploads\/2018\/02\/lokum.jpg\" class=\"attachment-full size-full wp-post-image\" alt=\"\" \/>\t\t\t<\/a>\n\t\t<\/div>\n\n\t\n\t<div class=\"eltd-ls-item-inner\">\n\n\t\t<div class=\"eltd-ls-item-title\">\n\t\t\t<h3 class=\"eltd-listing-title\">\n\t\t\t\t<a href=\"http:\/\/turklezzetmuzesi.com\/tr\/index.php\/ilan\/ali-muhiddin-haci-bekir\/\">\n\t\t\t\t\tAli Muhiddin Hac\u0131 Bekir\t\t\t\t<\/a>\n\t\t\t<\/h3>\n\t\t<\/div>\n\n        \n\t<\/div>\n\n<\/article><article class=\"eltd-ls-item\">\n\n\t\n\t\t<div class=\"eltd-ls-item-image\">\n            \n\t\t\t<a href=\"http:\/\/turklezzetmuzesi.com\/tr\/index.php\/ilan\/fevkinde-lahmacun-pide\/\">\n\t\t\t\t<img width=\"800\" height=\"550\" src=\"http:\/\/turklezzetmuzesi.com\/tr\/wp-content\/uploads\/2019\/01\/fevkinde1-800x550-1.jpg\" class=\"attachment-full size-full wp-post-image\" alt=\"\" \/>\t\t\t<\/a>\n\t\t<\/div>\n\n\t\n\t<div class=\"eltd-ls-item-inner\">\n\n\t\t<div class=\"eltd-ls-item-title\">\n\t\t\t<h3 class=\"eltd-listing-title\">\n\t\t\t\t<a href=\"http:\/\/turklezzetmuzesi.com\/tr\/index.php\/ilan\/fevkinde-lahmacun-pide\/\">\n\t\t\t\t\tFevkinde Lahmacun ve Pide\t\t\t\t<\/a>\n\t\t\t<\/h3>\n\t\t<\/div>\n\n        \n\t<\/div>\n\n<\/article><article class=\"eltd-ls-item\">\n\n\t\n\t\t<div class=\"eltd-ls-item-image\">\n            \n\t\t\t<a href=\"http:\/\/turklezzetmuzesi.com\/tr\/index.php\/ilan\/gelenek-anadolu-sofrasi-2\/\">\n\t\t\t\t<img width=\"570\" height=\"563\" src=\"http:\/\/turklezzetmuzesi.com\/tr\/wp-content\/uploads\/2024\/09\/geleli-kebabi-scaled-e1725524226273.jpg\" class=\"attachment-full size-full wp-post-image\" alt=\"\" \/>\t\t\t<\/a>\n\t\t<\/div>\n\n\t\n\t<div class=\"eltd-ls-item-inner\">\n\n\t\t<div class=\"eltd-ls-item-title\">\n\t\t\t<h3 class=\"eltd-listing-title\">\n\t\t\t\t<a href=\"http:\/\/turklezzetmuzesi.com\/tr\/index.php\/ilan\/gelenek-anadolu-sofrasi-2\/\">\n\t\t\t\t\tGelenek Anadolu Sofras\u0131\t\t\t\t<\/a>\n\t\t\t<\/h3>\n\t\t<\/div>\n\n        \n\t<\/div>\n\n<\/article><article class=\"eltd-ls-item\">\n\n\t\n\t\t<div class=\"eltd-ls-item-image\">\n            \n\t\t\t<a href=\"http:\/\/turklezzetmuzesi.com\/tr\/index.php\/ilan\/her-daim-pilic\/\">\n\t\t\t\t<img width=\"860\" height=\"573\" src=\"http:\/\/turklezzetmuzesi.com\/tr\/wp-content\/uploads\/2024\/06\/WhatsApp-Image-2024-06-03-at-16.39.57-2-e1719409202892.jpeg\" class=\"attachment-full size-full wp-post-image\" alt=\"\" \/>\t\t\t<\/a>\n\t\t<\/div>\n\n\t\n\t<div class=\"eltd-ls-item-inner\">\n\n\t\t<div class=\"eltd-ls-item-title\">\n\t\t\t<h3 class=\"eltd-listing-title\">\n\t\t\t\t<a href=\"http:\/\/turklezzetmuzesi.com\/tr\/index.php\/ilan\/her-daim-pilic\/\">\n\t\t\t\t\tHer Daim Pili\u00e7\t\t\t\t<\/a>\n\t\t\t<\/h3>\n\t\t<\/div>\n\n        \n\t<\/div>\n\n<\/article><article class=\"eltd-ls-item\">\n\n\t\n\t\t<div class=\"eltd-ls-item-image\">\n            \n\t\t\t<a href=\"http:\/\/turklezzetmuzesi.com\/tr\/index.php\/ilan\/hunkar\/\">\n\t\t\t\t<img width=\"800\" height=\"573\" src=\"http:\/\/turklezzetmuzesi.com\/tr\/wp-content\/uploads\/2018\/02\/hunkar-1.jpg\" class=\"attachment-full size-full wp-post-image\" alt=\"\" \/>\t\t\t<\/a>\n\t\t<\/div>\n\n\t\n\t<div class=\"eltd-ls-item-inner\">\n\n\t\t<div class=\"eltd-ls-item-title\">\n\t\t\t<h3 class=\"eltd-listing-title\">\n\t\t\t\t<a href=\"http:\/\/turklezzetmuzesi.com\/tr\/index.php\/ilan\/hunkar\/\">\n\t\t\t\t\tH\u00fcnkar 1950\t\t\t\t<\/a>\n\t\t\t<\/h3>\n\t\t<\/div>\n\n        \n\t<\/div>\n\n<\/article><article class=\"eltd-ls-item\">\n\n\t\n\t\t<div class=\"eltd-ls-item-image\">\n            \n\t\t\t<a href=\"http:\/\/turklezzetmuzesi.com\/tr\/index.php\/ilan\/lazika\/\">\n\t\t\t\t<img width=\"800\" height=\"573\" src=\"http:\/\/turklezzetmuzesi.com\/tr\/wp-content\/uploads\/2018\/02\/lazika7.jpg\" class=\"attachment-full size-full wp-post-image\" alt=\"\" \/>\t\t\t<\/a>\n\t\t<\/div>\n\n\t\n\t<div class=\"eltd-ls-item-inner\">\n\n\t\t<div class=\"eltd-ls-item-title\">\n\t\t\t<h3 class=\"eltd-listing-title\">\n\t\t\t\t<a href=\"http:\/\/turklezzetmuzesi.com\/tr\/index.php\/ilan\/lazika\/\">\n\t\t\t\t\tLazika \u00c7ay\t\t\t\t<\/a>\n\t\t\t<\/h3>\n\t\t<\/div>\n\n        \n\t<\/div>\n\n<\/article><article class=\"eltd-ls-item\">\n\n\t\n\t\t<div class=\"eltd-ls-item-image\">\n            \n\t\t\t<a href=\"http:\/\/turklezzetmuzesi.com\/tr\/index.php\/ilan\/manti-gurme-2\/\">\n\t\t\t\t<img width=\"559\" height=\"395\" src=\"http:\/\/turklezzetmuzesi.com\/tr\/wp-content\/uploads\/2024\/06\/cabe49a2-488a-416d-9084-54ae5809f0ed-1-e1719488495291.jpg\" class=\"attachment-full size-full wp-post-image\" alt=\"\" \/>\t\t\t<\/a>\n\t\t<\/div>\n\n\t\n\t<div class=\"eltd-ls-item-inner\">\n\n\t\t<div class=\"eltd-ls-item-title\">\n\t\t\t<h3 class=\"eltd-listing-title\">\n\t\t\t\t<a href=\"http:\/\/turklezzetmuzesi.com\/tr\/index.php\/ilan\/manti-gurme-2\/\">\n\t\t\t\t\tMant\u0131 Gurme\t\t\t\t<\/a>\n\t\t\t<\/h3>\n\t\t<\/div>\n\n        \n\t<\/div>\n\n<\/article><article class=\"eltd-ls-item\">\n\n\t\n\t\t<div class=\"eltd-ls-item-image\">\n            \n\t\t\t<a href=\"http:\/\/turklezzetmuzesi.com\/tr\/index.php\/ilan\/misafirliq-2\/\">\n\t\t\t\t<img width=\"861\" height=\"573\" src=\"http:\/\/turklezzetmuzesi.com\/tr\/wp-content\/uploads\/2024\/06\/x-RYK_1087-scaled-e1719406964186.jpg\" class=\"attachment-full size-full wp-post-image\" alt=\"\" \/>\t\t\t<\/a>\n\t\t<\/div>\n\n\t\n\t<div class=\"eltd-ls-item-inner\">\n\n\t\t<div class=\"eltd-ls-item-title\">\n\t\t\t<h3 class=\"eltd-listing-title\">\n\t\t\t\t<a href=\"http:\/\/turklezzetmuzesi.com\/tr\/index.php\/ilan\/misafirliq-2\/\">\n\t\t\t\t\tMisafirliq\t\t\t\t<\/a>\n\t\t\t<\/h3>\n\t\t<\/div>\n\n        \n\t<\/div>\n\n<\/article><article class=\"eltd-ls-item\">\n\n\t\n\t\t<div class=\"eltd-ls-item-image\">\n            \n\t\t\t<a href=\"http:\/\/turklezzetmuzesi.com\/tr\/index.php\/ilan\/sadabad-cag-kebap-2\/\">\n\t\t\t\t<img width=\"800\" height=\"573\" src=\"http:\/\/turklezzetmuzesi.com\/tr\/wp-content\/uploads\/2018\/02\/sadabad.jpg\" class=\"attachment-full size-full wp-post-image\" alt=\"\" \/>\t\t\t<\/a>\n\t\t<\/div>\n\n\t\n\t<div class=\"eltd-ls-item-inner\">\n\n\t\t<div class=\"eltd-ls-item-title\">\n\t\t\t<h3 class=\"eltd-listing-title\">\n\t\t\t\t<a href=\"http:\/\/turklezzetmuzesi.com\/tr\/index.php\/ilan\/sadabad-cag-kebap-2\/\">\n\t\t\t\t\tSadabad Ca\u011f Kebap\t\t\t\t<\/a>\n\t\t\t<\/h3>\n\t\t<\/div>\n\n        \n\t<\/div>\n\n<\/article><article class=\"eltd-ls-item\">\n\n\t\n\t\t<div class=\"eltd-ls-item-image\">\n            \n\t\t\t<a href=\"http:\/\/turklezzetmuzesi.com\/tr\/index.php\/ilan\/tarihi-bolu-lokantasi\/\">\n\t\t\t\t<img width=\"764\" height=\"573\" src=\"http:\/\/turklezzetmuzesi.com\/tr\/wp-content\/uploads\/2024\/06\/WhatsApp-Image-2024-06-04-at-11.56.59-2-e1719408841763.jpeg\" class=\"attachment-full size-full wp-post-image\" alt=\"\" \/>\t\t\t<\/a>\n\t\t<\/div>\n\n\t\n\t<div class=\"eltd-ls-item-inner\">\n\n\t\t<div class=\"eltd-ls-item-title\">\n\t\t\t<h3 class=\"eltd-listing-title\">\n\t\t\t\t<a href=\"http:\/\/turklezzetmuzesi.com\/tr\/index.php\/ilan\/tarihi-bolu-lokantasi\/\">\n\t\t\t\t\tTarihi Bolu Lokantas\u0131\t\t\t\t<\/a>\n\t\t\t<\/h3>\n\t\t<\/div>\n\n        \n\t<\/div>\n\n<\/article><article class=\"eltd-ls-item\">\n\n\t\n\t\t<div class=\"eltd-ls-item-image\">\n            \n\t\t\t<a href=\"http:\/\/turklezzetmuzesi.com\/tr\/index.php\/ilan\/tarihi-ortaklar-copsis\/\">\n\t\t\t\t<img width=\"565\" height=\"376\" src=\"http:\/\/turklezzetmuzesi.com\/tr\/wp-content\/uploads\/2024\/06\/WhatsApp-Image-2024-06-04-at-11.49.51-3-1-e1719488655967.jpeg\" class=\"attachment-full size-full wp-post-image\" alt=\"\" \/>\t\t\t<\/a>\n\t\t<\/div>\n\n\t\n\t<div class=\"eltd-ls-item-inner\">\n\n\t\t<div class=\"eltd-ls-item-title\">\n\t\t\t<h3 class=\"eltd-listing-title\">\n\t\t\t\t<a href=\"http:\/\/turklezzetmuzesi.com\/tr\/index.php\/ilan\/tarihi-ortaklar-copsis\/\">\n\t\t\t\t\tTarihi Ortaklar \u00c7\u00f6p\u015fi\u015f\t\t\t\t<\/a>\n\t\t\t<\/h3>\n\t\t<\/div>\n\n        \n\t<\/div>\n\n<\/article><article class=\"eltd-ls-item\">\n\n\t\n\t\t<div class=\"eltd-ls-item-image\">\n            \n\t\t\t<a href=\"http:\/\/turklezzetmuzesi.com\/tr\/index.php\/ilan\/the-smart-farmers\/\">\n\t\t\t\t<img width=\"1066\" height=\"888\" src=\"http:\/\/turklezzetmuzesi.com\/tr\/wp-content\/uploads\/2024\/06\/1f0ae638de782d028976a86d0a563346271e1a79-2-e1722498427773.jpg\" class=\"attachment-full size-full wp-post-image\" alt=\"\" \/>\t\t\t<\/a>\n\t\t<\/div>\n\n\t\n\t<div class=\"eltd-ls-item-inner\">\n\n\t\t<div class=\"eltd-ls-item-title\">\n\t\t\t<h3 class=\"eltd-listing-title\">\n\t\t\t\t<a href=\"http:\/\/turklezzetmuzesi.com\/tr\/index.php\/ilan\/the-smart-farmers\/\">\n\t\t\t\t\tThe Smart Farmers\t\t\t\t<\/a>\n\t\t\t<\/h3>\n\t\t<\/div>\n\n        \n\t<\/div>\n\n<\/article><article class=\"eltd-ls-item\">\n\n\t\n\t\t<div class=\"eltd-ls-item-image\">\n            \n\t\t\t<a href=\"http:\/\/turklezzetmuzesi.com\/tr\/index.php\/ilan\/varan-lezzet-duragi\/\">\n\t\t\t\t<img width=\"800\" height=\"573\" src=\"http:\/\/turklezzetmuzesi.com\/tr\/wp-content\/uploads\/2018\/02\/varan-lezzet.jpg\" class=\"attachment-full size-full wp-post-image\" alt=\"\" \/>\t\t\t<\/a>\n\t\t<\/div>\n\n\t\n\t<div class=\"eltd-ls-item-inner\">\n\n\t\t<div class=\"eltd-ls-item-title\">\n\t\t\t<h3 class=\"eltd-listing-title\">\n\t\t\t\t<a href=\"http:\/\/turklezzetmuzesi.com\/tr\/index.php\/ilan\/varan-lezzet-duragi\/\">\n\t\t\t\t\tVaran Lezzet Dura\u011f\u0131\t\t\t\t<\/a>\n\t\t\t<\/h3>\n\t\t<\/div>\n\n        \n\t<\/div>\n\n<\/article>\t\t<\/div>\n\t<\/div>\n<\/div>\t\t<\/div>\n\t<\/div>\n<\/div><\/div>[\/vc_column][\/vc_row][vc_row parallax=&#8221;content-moving&#8221; parallax_image=&#8221;680&#8243; parallax_speed_bg=&#8221;2&#8243; content_text_aligment=&#8221;center&#8221; css=&#8221;.vc_custom_1547826680386{background-image: url(http:\/\/turklezzetmuzesi.com\/tr\/wp-content\/uploads\/2018\/02\/iletisim.jpg?id=4005) !important;}&#8221;][vc_column]<div class=\"eltd-parallax-holder eltd-vertical-middle-align eltd-disabled-parallax-on-touch\" data-parallax-speed=\"1\" style=\"background-image: url();min-height: 400px;height: 400px\">\n\t<div class=\"eltd-parallax-inner\">\n\t\t[vc_row_inner css=&#8221;.vc_custom_1499346415235{padding-top: 90px !important;padding-bottom: 130px !important;}&#8221;][vc_column_inner][vc_column_text]<\/p>\n<h1><span style=\"color: #ffffff;\">Gastro Museum\u2019da Yerinizi Al\u0131n<\/span><\/h1>\n<p>[\/vc_column_text][vc_empty_space height=&#8221;28px&#8221;]<a itemprop=\"url\" href=\"http:\/\/turklezzetmuzesi.com\/tr\/index.php\/bize-katilin\/\" target=\"_self\" style=\"text-align: center\" class=\"eltd-btn eltd-btn-medium eltd-btn-solid eltd-btn-custom-hover-bg eltd-btn-custom-border-hover eltd-btn-custom-hover-color eltd-btn-icon background-color: #c01e2e;\" data-hover-color=\"#ffffff\" data-hover-bg-color=\"rgba(255,255,255,0)\" data-hover-border-color=\"#ffffff\" >\n    <span class=\"eltd-btn-text\"  >\n        Bilgi Almak \u0130\u00e7in    <\/span>\n\t        <span class=\"eltd-btn-icon-html\"  >\n            <i class=\"eltd-icon-font-awesome fa fa-address-card \" ><\/i>        <\/span>\n\t<\/a>[\/vc_column_inner][\/vc_row_inner]\t<\/div>\n<\/div>\n[\/vc_column][\/vc_row]<\/p>\n","protected":false},"excerpt":{"rendered":"<p>[vc_row][vc_column][\/vc_column][\/vc_row][vc_row parallax=&#8221;content-moving&#8221; parallax_image=&#8221;680&#8243; parallax_speed_bg=&#8221;2&#8243; content_text_aligment=&#8221;center&#8221; css=&#8221;.vc_custom_1547826680386{background-image: url(http:\/\/turklezzetmuzesi.com\/tr\/wp-content\/uploads\/2018\/02\/iletisim.jpg?id=4005) !important;}&#8221;][vc_column][\/vc_column][\/vc_row]<\/p>\n","protected":false},"author":1,"featured_media":0,"parent":0,"menu_order":0,"comment_status":"closed","ping_status":"closed","template":"full-width.php","meta":{"footnotes":""},"_links":{"self":[{"href":"http:\/\/turklezzetmuzesi.com\/tr\/index.php\/wp-json\/wp\/v2\/pages\/3483"}],"collection":[{"href":"http:\/\/turklezzetmuzesi.com\/tr\/index.php\/wp-json\/wp\/v2\/pages"}],"about":[{"href":"http:\/\/turklezzetmuzesi.com\/tr\/index.php\/wp-json\/wp\/v2\/types\/page"}],"author":[{"embeddable":true,"href":"http:\/\/turklezzetmuzesi.com\/tr\/index.php\/wp-json\/wp\/v2\/users\/1"}],"replies":[{"embeddable":true,"href":"http:\/\/turklezzetmuzesi.com\/tr\/index.php\/wp-json\/wp\/v2\/comments?post=3483"}],"version-history":[{"count":10,"href":"http:\/\/turklezzetmuzesi.com\/tr\/index.php\/wp-json\/wp\/v2\/pages\/3483\/revisions"}],"predecessor-version":[{"id":4655,"href":"http:\/\/turklezzetmuzesi.com\/tr\/index.php\/wp-json\/wp\/v2\/pages\/3483\/revisions\/4655"}],"wp:attachment":[{"href":"http:\/\/turklezzetmuzesi.com\/tr\/index.php\/wp-json\/wp\/v2\/media?parent=3483"}],"curies":[{"name":"wp","href":"https:\/\/api.w.org\/{rel}","templated":true}]}}