{"id":597,"date":"2017-06-08T07:25:37","date_gmt":"2017-06-08T07:25:37","guid":{"rendered":"http:\/\/findme.elated-themes.com\/?page_id=597"},"modified":"2019-01-15T14:20:27","modified_gmt":"2019-01-15T11:20:27","slug":"gizlilik-ilkeleri","status":"publish","type":"page","link":"http:\/\/turklezzetmuzesi.com\/tr\/index.php\/gizlilik-ilkeleri\/","title":{"rendered":"Gizlilik \u0130lkeleri"},"content":{"rendered":"<p>[vc_row content_width=&#8221;grid&#8221; animate_rounded_tab=&#8221;yes&#8221; css=&#8221;.vc_custom_1496906913660{padding-bottom: 32px !important;}&#8221;][vc_column][vc_column_text]<\/p>\n<h1>G\u0130ZL\u0130L\u0130K \u0130LKELER\u0130<\/h1>\n<p>[\/vc_column_text][vc_empty_space height=&#8221;10px&#8221;][vc_column_text]T\u00fcrk Lezzet M\u00fczesi, ilke olarak, ziyaret\u00e7ileri taraf\u0131ndan sitemize sunulan ki\u015fisel verileri (ad\u0131n\u0131z, elektronik posta adresiniz, i\u015f ve \u00f6zel adresiniz ve telefon numaran\u0131z) \u00fc\u00e7\u00fcnc\u00fc ki\u015filere satmaz, kiralayamaz ya da ba\u015fka \u015fekilde kulland\u0131ramaz. Bu bilgiler, olas\u0131 bir kullan\u0131m durumunda taraf\u0131m\u0131zdan size \u00f6nceden bilgi verilmeden ve bilgileri sunarken sizin a\u00e7\u0131k izniniz al\u0131nmadan hi\u00e7 bir \u015fekilde do\u011frudan pazarlama ya da siz istemeden izleme amac\u0131yla kullan\u0131lmaz. T\u00fcrk Lezzet M\u00fczesi, sizin izninizle bu bilgileri a\u015fa\u011f\u0131da ki ama\u00e7lar i\u00e7in kullanacakt\u0131r:<\/p>\n<p>\u2022 Size bas\u0131l\u0131 yay\u0131nlar ya da di\u011fer yaz\u0131\u015fmalar g\u00f6ndermek.<br \/>\n\u2022 Size elektronik posta ile bas\u0131n b\u00fcltenleri ya da bildirimler g\u00f6ndermek.<\/p>\n<p>Ki\u015fisel bilgilere sadece yetkili T\u00fcrk Lezzet M\u00fczesipersoneli ya da bilgileri gizli tutmay\u0131 kabul etmi\u015f olan temsilcilerimiz eri\u015febilirler. Mod\u00fcl \u0130stanbul, ki\u015fileri a\u00e7\u0131klamadan, istatistiksel bilgileri (taray\u0131c\u0131 tipi, co\u011frafi konum, ya\u015f, cinsiyet, vb) s\u00fcrekli i\u00e7 g\u00f6zden ge\u00e7irme s\u00fcrecimizin bir par\u00e7as\u0131 olarak sitemizi iyile\u015ftirmek; genel olarak \u00fcr\u00fcnlerimizin t\u00fcketicileri hakk\u0131nda daha \u00e7ok \u015fey \u00f6\u011frenmek amac\u0131yla kullan\u0131r. Bu bilgiler T\u00fcrk Lezzet M\u00fczesi taraf\u0131ndan \u00fc\u00e7\u00fcnc\u00fc ki\u015filere a\u00e7\u0131klanmaz. Bu veriler sadece belirtilen ama\u00e7 i\u00e7in kullan\u0131labilir ve sizin izniniz al\u0131nmadan hi\u00e7 bir tek tarafl\u0131 haberle\u015fme amac\u0131yla kullan\u0131lamaz.<\/p>\n<p>[\/vc_column_text][\/vc_column][\/vc_row]<\/p>\n","protected":false},"excerpt":{"rendered":"<p>[vc_row content_width=&#8221;grid&#8221; animate_rounded_tab=&#8221;yes&#8221; css=&#8221;.vc_custom_1496906913660{padding-bottom: 32px !important;}&#8221;][vc_column][vc_column_text] G\u0130ZL\u0130L\u0130K \u0130LKELER\u0130 [\/vc_column_text][vc_empty_space height=&#8221;10px&#8221;][vc_column_text]T\u00fcrk Lezzet M\u00fczesi, ilke olarak, ziyaret\u00e7ileri taraf\u0131ndan sitemize sunulan ki\u015fisel verileri (ad\u0131n\u0131z, elektronik posta adresiniz, i\u015f ve \u00f6zel adresiniz ve telefon numaran\u0131z) \u00fc\u00e7\u00fcnc\u00fc ki\u015filere satmaz, kiralayamaz ya da ba\u015fka \u015fekilde kulland\u0131ramaz. [&hellip;]<\/p>\n","protected":false},"author":1,"featured_media":0,"parent":0,"menu_order":0,"comment_status":"closed","ping_status":"closed","template":"","meta":{"footnotes":""},"_links":{"self":[{"href":"http:\/\/turklezzetmuzesi.com\/tr\/index.php\/wp-json\/wp\/v2\/pages\/597"}],"collection":[{"href":"http:\/\/turklezzetmuzesi.com\/tr\/index.php\/wp-json\/wp\/v2\/pages"}],"about":[{"href":"http:\/\/turklezzetmuzesi.com\/tr\/index.php\/wp-json\/wp\/v2\/types\/page"}],"author":[{"embeddable":true,"href":"http:\/\/turklezzetmuzesi.com\/tr\/index.php\/wp-json\/wp\/v2\/users\/1"}],"replies":[{"embeddable":true,"href":"http:\/\/turklezzetmuzesi.com\/tr\/index.php\/wp-json\/wp\/v2\/comments?post=597"}],"version-history":[{"count":4,"href":"http:\/\/turklezzetmuzesi.com\/tr\/index.php\/wp-json\/wp\/v2\/pages\/597\/revisions"}],"predecessor-version":[{"id":2812,"href":"http:\/\/turklezzetmuzesi.com\/tr\/index.php\/wp-json\/wp\/v2\/pages\/597\/revisions\/2812"}],"wp:attachment":[{"href":"http:\/\/turklezzetmuzesi.com\/tr\/index.php\/wp-json\/wp\/v2\/media?parent=597"}],"curies":[{"name":"wp","href":"https:\/\/api.w.org\/{rel}","templated":true}]}}